{"id":344477,"date":"2022-11-11T01:44:41","date_gmt":"2022-11-11T01:44:41","guid":{"rendered":"https:\/\/www.testing.devjibble.net\/?page_id=344477"},"modified":"2025-12-05T11:25:15","modified_gmt":"2025-12-05T11:25:15","slug":"otazky-o-sledovani-dochadzky-a-pracovneho-casu","status":"publish","type":"page","link":"https:\/\/www.testing.devjibble.net\/sk\/otazky-o-sledovani-dochadzky-a-pracovneho-casu","title":{"rendered":"Ot\u00e1zky o sledovan\u00ed doch\u00e1dzky a pracovn\u00e9ho \u010dasu"},"content":{"rendered":"<p>1<\/p>\n<p>Je naozaj potrebn\u00e9 sledova\u0165 pracovn\u00fd \u010das zamestnancov?<\/p>\n<p><span style=\"font-weight: 400;\">Nie. Sledovanie pracovn\u00e9ho \u010dasu zamestnancov m\u00e1 zmysel v niektor\u00fdch situ\u00e1ci\u00e1ch a organiz\u00e1ci\u00e1ch a v in\u00fdch situ\u00e1ci\u00e1ch alebo organiz\u00e1ci\u00e1ch nie. <\/span><\/p>\n<p>V skuto\u010dnosti v Jibble m\u00e1me ur\u010dit\u00e9 t\u00edmy, ktor\u00fdm sledujeme \u010das a aktivitu \u2013 napr\u00edklad t\u00fdm, ktor\u00ed s\u00fa platen\u00ed za hodinu \u2013 a pre in\u00e9 t\u00edmy to nerob\u00edme. V skuto\u010dnosti pre v\u00e4\u010d\u0161inu na\u0161ich zamestnancov je k\u013e\u00fa\u010dovou vecou, ktor\u00fa sledujeme, ich v\u00fdkon a v\u00fdstup.<\/p>\n<p>K\u013e\u00fa\u010dov\u00e9 je identifikova\u0165, pre\u010do potrebujete sledova\u0165 \u010das a potom ako to urobi\u0165.<\/p>\n<p>potrebne-sledovat-pracovny-cas-zamestnancov<\/p>\n<p>A \u010do doch\u00e1dzka?<\/p>\n<p>Vo v\u0161eobecnosti, pre zamestnancov, ktor\u00ed musia by\u0165 na pracovisku, ako napr\u00edklad v re\u0161taur\u00e1cii, nemocnici, na stavenisku at\u010f., m\u00f4\u017ee ma\u0165 ve\u013ek\u00fd zmysel sledova\u0165 doch\u00e1dzku, preto\u017ee ak zamestnanci nie s\u00fa pr\u00edtomn\u00ed, nem\u00f4\u017eu vykon\u00e1va\u0165 svoju pr\u00e1cu.<\/p>\n<p>potrebne-sledovat-dochadzku<\/p>\n<p>Ak\u00e9 s\u00fa hlavn\u00e9 typy syst\u00e9mov na sledovanie \u010dasu a doch\u00e1dzky?<\/p>\n<p>Tu je nieko\u013eko syst\u00e9mov evidencie doch\u00e1dzky a pracovn\u00e9ho \u010dasu:<\/p>\n<ul>\n<li>\u017diadne monitorovanie, len spoliehanie sa na fyzick\u00fa pr\u00edtomnos\u0165.\n<ul>\n<li>Toto funguje dobre pre ve\u013emi mal\u00e9 t\u00edmy.<\/li>\n<\/ul>\n<\/li>\n<li>Pero a papier\n<ul>\n<li>Op\u00e4\u0165, mohlo by to fungova\u0165 dobre pre mal\u00e9 t\u00edmy, kde je potrebn\u00e9 zaznamen\u00e1va\u0165 \u010das. Samozrejme, je to otvoren\u00e9 zneu\u017eitiu.<\/li>\n<\/ul>\n<\/li>\n<li>Kartov\u00e9 doch\u00e1dzkomery\n<ul>\n<li>Systematizovan\u00e9, ale otvoren\u00e9 zneu\u017eitiu, \u010dasovo n\u00e1ro\u010dn\u00e9 na z\u00edskavanie \u00fadajov z kariet, karty nie s\u00fa z\u00e1lohovan\u00e9 a v\u0161etko je n\u00e1chyln\u00e9 na chyby. Op\u00e4\u0165, toto by mohlo fungova\u0165 dobre pre mal\u00e9 organiz\u00e1cie, kde je vysok\u00e1 vidite\u013enos\u0165 t\u00edmu.<\/li>\n<\/ul>\n<\/li>\n<li>Elektronick\u00e9 nepripojen\u00e9 doch\u00e1dzkovacie hodiny\n<ul>\n<li>Zvy\u010dajne s\u00fa drah\u00e9 na in\u0161tal\u00e1ciu, r\u00fdchlo zastar\u00e1vaj\u00fa, \u00fadaje nie s\u00fa dostupn\u00e9 v re\u00e1lnom \u010dase a nie s\u00fa z\u00e1lohovan\u00e9.<\/li>\n<\/ul>\n<\/li>\n<li>Cloudov\u00fd softv\u00e9r na evidenciu doch\u00e1dzky a pracovn\u00e9ho \u010dasu.\n<ul>\n<li>\u00c1no, pred\u00e1vame to, ale je to cesta vpred, preto\u017ee to rie\u0161i v\u0161etky probl\u00e9my ostatn\u00fdch syst\u00e9mov &#8211; preto sa stali tak\u00fdmi popul\u00e1rnymi.<\/li>\n<\/ul>\n<\/li>\n<\/ul>\n<p>typy-systemov-evidencie-dochadzky-pracovneho-casu<\/p>\n<p>Produkuje cloudov\u00fd syst\u00e9m evidencie doch\u00e1dzky a pracovn\u00e9ho \u010dasu aj v\u00fdkazy pr\u00e1ce?<\/p>\n<p>\u00c1no, v\u00e4\u010d\u0161ina syst\u00e9mov na sledovanie \u010dasu a doch\u00e1dzky by tie\u017e vytv\u00e1rala pracovn\u00e9 v\u00fdkazy a v\u00e4\u010d\u0161ina by ich poskytovala v mnoh\u00fdch r\u00f4znych form\u00e1toch.<\/p>\n<p>system-evidencie-dochadzky-produkuje-vykazy-prace<\/p>\n<p>Je doch\u00e1dzka vhodn\u00e1 len na spr\u00e1vu \u010dasu zamestnancov?<\/p>\n<p><span style=\"font-weight: 400;\">Nie. Okrem spr\u00e1vy \u010dasu zamestnancov sa doch\u00e1dzka m\u00f4\u017ee pou\u017e\u00edva\u0165 na sledovanie absencie alebo sk\u00f3re \u00fa\u010dasti na r\u00f4znych podujatiach a slu\u017eb\u00e1ch. Preto sme tie\u017e prisp\u00f4sobili Jibble tak, aby dokonale fungoval na sledovanie <a href=\"https:\/\/www.testing.devjibble.net\/student-teacher-attendance-tracking-software\">doch\u00e1dzky \u0161tudentov<\/a> a <a href=\"https:\/\/www.testing.devjibble.net\/church-attendance\">doch\u00e1dzky v kostole<\/a>. <\/span><\/p>\n<p>evidencia-dochadzky-sprava-casu-zamestnancov<\/p>\n<p>Ak\u00fd je rozdiel medzi softv\u00e9rom na sledovanie \u010dasu a softv\u00e9rom na evidenciu doch\u00e1dzky a pracovn\u00e9ho \u010dasu?<\/p>\n<p><span style=\"font-weight: 400;\"><a href=\"https:\/\/www.testing.devjibble.net\/sk\">Softv\u00e9r na sledovanie \u010dasu<\/a> je v\u0161eobecn\u00fd term\u00edn pre softv\u00e9r, ktor\u00fd rob\u00ed presne to, \u010do hovor\u00ed, teda sleduje \u010das<\/span><\/p>\n<p>K\u013e\u00fa\u010dov\u00e9 je, \u017ee by sa mohol pou\u017e\u00edva\u0165 pre zamestnancov pracuj\u00facich v kancel\u00e1rii, ako aj pre t\u00fdch na pracovisku.<\/p>\n<p>\u010cas a doch\u00e1dzka je podmno\u017einou sledovania \u010dasu, a vzh\u013eadom na slovo &#8218;doch\u00e1dzka&#8216; to nazna\u010duje, \u017ee je to pre zamestnancov na pracovisku.<\/p>\n<p>rozdiel-softver-sledovanie-casu-evidencia-dochadzky<\/p>\n<p>\u010co je to buddy punching?<\/p>\n<p>Buddy punching je, ke\u010f jeden zamestnanec po\u017eiada in\u00e9ho, aby sa za neho prihl\u00e1sil alebo odhl\u00e1sil. Nejde len o podvod, ale je to aj demotivuj\u00face pre t\u00fdch, ktor\u00ed to vidia, preto\u017ee ich kolegovia dost\u00e1vaj\u00fa zaplaten\u00e9 bez pr\u00e1ce.<\/p>\n<p>buddy-punching<\/p>\n<p>Ako viete, \u017ee zamestnanec, ktor\u00fd sa prihl\u00e1sil, bol skuto\u010dne tam?<\/p>\n<p>Preto m\u00e1me <a href=\"https:\/\/www.testing.devjibble.net\/sk\/system-dochadzky-s-rozpoznavanim-tvare\">biometrick\u00fa doch\u00e1dzku<\/a>, \u010do je in\u00fd sp\u00f4sob, ako poveda\u0165 doch\u00e1dzka pomocou biologick\u00fdch \u00fadajov, ako s\u00fa odtla\u010dky prstov, rozpozn\u00e1vanie tv\u00e1re alebo hlasu, \u010do sme e\u0161te nevideli. Spojte to s t\u00fdm, \u017ee doch\u00e1dzkovac\u00ed syst\u00e9m je bu\u010f na pevnom mieste, alebo pou\u017e\u00edva GPS telef\u00f3nu \u010di tabletu, a teraz m\u00e1te zaznamenan\u00e9 spr\u00e1vnu osobu aj miesto v danom \u010dase.<\/p>\n<p>Niektor\u00e9 syst\u00e9my pou\u017e\u00edvaj\u00fa <a href=\"https:\/\/www.testing.devjibble.net\/rfid-nfc-attendance-system\">doch\u00e1dzku pomocou RFID kariet<\/a>, ale samozrejme, karty s\u00fa n\u00e1chyln\u00e9 na buddy punching. Toto m\u00f4\u017ee dobre fungova\u0165 v oblasti s vysokou vidite\u013enos\u0165ou, ako je priestor s kamerov\u00fdm syst\u00e9mom. In\u00fd softv\u00e9r pou\u017e\u00edva namiesto kariet telef\u00f3ny, a hoci telef\u00f3ny m\u00f4\u017eu by\u0165 dan\u00e9 kolegom, mnoh\u00ed to nebud\u00fa chcie\u0165 urobi\u0165, preto\u017ee to znamen\u00e1, \u017ee nem\u00f4\u017eu pou\u017e\u00edva\u0165 svoj telef\u00f3n. Jibble podporuje t\u00fato funkciu s &#8222;uzamknut\u00edm zariadenia&#8220;, \u010do znamen\u00e1, \u017ee na prihl\u00e1senie a odhl\u00e1senie sa m\u00f4\u017ee pou\u017ei\u0165 len ich konkr\u00e9tny telef\u00f3n.<\/p>\n<p>biometricka-dochadzka<\/p>\n<p>M\u00f4\u017ee zamestn\u00e1vate\u013e po\u017eadova\u0165 od zamestnanca, aby si stiahol aplik\u00e1ciu na sledovanie \u010dasu do svojho osobn\u00e9ho mobilu?<\/p>\n<p><span style=\"font-weight: 400;\">Zamestn\u00e1vate\u013e nem\u00f4\u017ee n\u00fati\u0165 zamestnanca pou\u017e\u00edva\u0165 aplik\u00e1ciu na zamestnancovom mobile, pokia\u013e to nie je v\u00fdslovne uveden\u00e9 v zmluve.<\/span><\/p>\n<p>Ale realita je tak\u00e1, \u017ee zamestn\u00e1vate\u013e a zamestnanec by mali ma\u0165 ur\u010dit\u00fa \u00farove\u0148 porozumenia na udr\u017eanie dobr\u00e9ho pracovn\u00e9ho vz\u0165ahu, a tak by sa zvy\u010dajne pova\u017eovalo za rozumn\u00e9, ak by zamestnanec odpovedal na svoj mobil alebo ho pou\u017e\u00edval na sledovanie \u010dasu, ak by o to bol po\u017eiadan\u00fd.<\/p>\n<p>zamestnavatel-nutit-pouzivat-vlastny-mobil<\/p>\n<p>Ako zar\u00e1baj\u00fa peniaze 100% BEZPLATN\u00c9 aplik\u00e1cie na evidenciu doch\u00e1dzky a pracovn\u00e9ho \u010dasu?<\/p>\n<p><span style=\"font-weight: 400;\">Nie je ich ve\u013ea bezplatn\u00fdch, ale tie, ktor\u00e9 s\u00fa, zar\u00e1baj\u00fa peniaze \u00fa\u010dtovan\u00edm za volite\u013en\u00e9 vylep\u0161enia.<\/span><\/p>\n<p>bezplatne-aplikacie-evidencia-dochadzky-peniaze<\/p>\n<p>Ako vysvetl\u00edm svojim zamestnancom, \u017ee za\u010dneme monitorova\u0165 ich \u010das?<\/p>\n<p><span style=\"font-weight: 400;\">Komunik\u00e1cia je naozaj d\u00f4le\u017eit\u00e1, rovnako ako stanovenie o\u010dak\u00e1van\u00ed. Sledovanie doch\u00e1dzky znamen\u00e1, \u017ee zamestnanci s\u00fa spravodlivo platen\u00ed a zamestn\u00e1vatelia spravodlivo platia, a to je k\u013e\u00fa\u010dov\u00e9 posolstvo, ktor\u00e9 treba odovzda\u0165. <\/span><\/p>\n<p>komunikacia-so-zamestnancami<\/p>\n<p>Nie s\u00fa v\u0161etky rie\u0161enia evidencie doch\u00e1dzky a pracovn\u00e9ho \u010dasu v podstate rovnak\u00e9?<\/p>\n<p><span style=\"font-weight: 400;\">V\u00e4\u010d\u0161ina sa skuto\u010dne sna\u017e\u00ed rie\u0161i\u0165 ten ist\u00fd probl\u00e9m, t.j. sledova\u0165 \u010das a doch\u00e1dzku. Ka\u017ed\u00fd m\u00e1 v\u0161ak svoje vlastn\u00e9 siln\u00e9 str\u00e1nky, cenu, met\u00f3dy prihlasovania a odhlasovania, a mo\u017eno najd\u00f4le\u017eitej\u0161ie, ka\u017ed\u00fd m\u00e1 r\u00f4zne \u00farovne realiz\u00e1cie &#8211; softv\u00e9r na sledovanie \u010dasu a doch\u00e1dzky, ktor\u00fd s\u0165a\u017euje zamestnancom skuto\u010dn\u00e9 prihl\u00e1senie a odhl\u00e1senie, nakoniec sp\u00f4sob\u00ed ove\u013ea viac probl\u00e9mov, ne\u017e rie\u0161i. <\/span><\/p>\n<p>Tie\u017e stoj\u00ed za to ma\u0165 na pam\u00e4ti, \u017ee ke\u010f si vyberiete <a href=\"https:\/\/www.testing.devjibble.net\/sk\/sledovanie-dochadzky\">sledova\u010d doch\u00e1dzky<\/a>, nekupujete produkt, ale investujete do\u0148, preto\u017ee produkt sa \u010dasom bude meni\u0165 a je \u0165a\u017ek\u00e9 meni\u0165 syst\u00e9my. Preto sa oplat\u00ed zabezpe\u010di\u0165, aby sa syst\u00e9m zlep\u0161oval a aby bola z\u00e1kazn\u00edcka podpora pohotov\u00e1.<\/p>\n<p>rozdiel-medzi-rieseniami-evidencie-dochadzky<\/p>\n<p>Nie je sledovanie \u010dasu a doch\u00e1dzky va\u0161ich zamestnancov neleg\u00e1lne?<\/p>\n<p><span style=\"font-weight: 400;\">Sledovanie doch\u00e1dzky zamestnancov je \u00faplne leg\u00e1lne v ka\u017edej jurisdikcii na svete, preto\u017ee zamestn\u00e1vatelia v podstate potrebuj\u00fa vedie\u0165, kde sa ich zamestnanci nach\u00e1dzaj\u00fa.<\/span><\/p>\n<p>V skuto\u010dnosti sa v mnoh\u00fdch rozvinut\u00fdch krajin\u00e1ch sledovanie \u010dasu stalo nejak\u00fdm sp\u00f4sobom z\u00e1konom po\u017eadovan\u00e9, aby sa zamestnanci chr\u00e1nili pred pre\u0165a\u017een\u00edm a aby sa zabezpe\u010dilo, \u017ee dostan\u00fa zaplaten\u00e9 za pr\u00edpadn\u00e9 nad\u010dasy, ale nedostatok povedomia znamen\u00e1, \u017ee tak\u00e9to z\u00e1kony sa zriedka vynucuj\u00fa.<\/p>\n<p>sledovanie-casu-zamestnancov-legalne<\/p>\n<p>Spravuj\u00fa v\u00e4\u010d\u0161ina softv\u00e9rov\u00fdch rie\u0161en\u00ed na evidenciu doch\u00e1dzky a pracovn\u00e9ho \u010dasu aj dovolenky?<\/p>\n<p>\u00c1no, preto\u017ee sledovanie dovoleniek a evidencia doch\u00e1dzky a pracovn\u00e9ho \u010dasu s\u00fa vz\u00e1jomne z\u00e1visl\u00e9.<\/p>\n<p>evidencia-dochadzky-dovolenky-pto<\/p>\n<p>Ako sa m\u00f4\u017eem dozvedie\u0165 viac o sledovan\u00ed \u010dasu?<\/p>\n<p>Tu s\u00fa niektor\u00e9 <a href=\"https:\/\/www.testing.devjibble.net\/basic-time-tracking-questions\">ot\u00e1zky o sledovan\u00ed \u010dasu, ktor\u00e9 ste sa b\u00e1li op\u00fdta\u0165<\/a>!<\/p>\n<p>viac-otazok-o-sledovani-casu<\/p>\n","protected":false},"excerpt":{"rendered":"<p>1 Je naozaj potrebn\u00e9 sledova\u0165 pracovn\u00fd \u010das zamestnancov? Nie. Sledovanie pracovn\u00e9ho \u010dasu zamestnancov m\u00e1 zmysel v niektor\u00fdch situ\u00e1ci\u00e1ch a organiz\u00e1ci\u00e1ch a v in\u00fdch situ\u00e1ci\u00e1ch alebo organiz\u00e1ci\u00e1ch nie. V skuto\u010dnosti v Jibble m\u00e1me ur\u010dit\u00e9 t\u00edmy, ktor\u00fdm sledujeme \u010das a aktivitu \u2013 napr\u00edklad t\u00fdm, ktor\u00ed s\u00fa platen\u00ed za hodinu \u2013 a pre in\u00e9 t\u00edmy to nerob\u00edme. V [&hellip;]<\/p>\n","protected":false},"author":6,"featured_media":0,"parent":0,"menu_order":0,"comment_status":"closed","ping_status":"closed","template":"page-blank.php","meta":{"_acf_changed":false,"footnotes":""},"class_list":["post-344477","page","type-page","status-publish","hentry"],"acf":[],"yoast_head":"<!-- This site is optimized with the Yoast SEO Premium plugin v26.8 (Yoast SEO v26.8) - https:\/\/yoast.com\/product\/yoast-seo-premium-wordpress\/ -->\n<title>Ot\u00e1zky o sledovan\u00ed doch\u00e1dzky a pracovn\u00e9ho \u010dasu<\/title>\n<meta name=\"description\" content=\"Odpoved\u00e1me na naj\u010dastej\u0161ie ot\u00e1zky a sledovan\u00ed doch\u00e1dzky a pracovn\u00e9ho \u010dasu, najm\u00e4 tie t\u00fdkaj\u00face sa softv\u00e9ru.\" \/>\n<meta name=\"robots\" content=\"index, follow, max-snippet:-1, max-image-preview:large, max-video-preview:-1\" \/>\n<link rel=\"canonical\" href=\"https:\/\/www.testing.devjibble.net\/sk\/otazky-o-sledovani-dochadzky-a-pracovneho-casu\" \/>\n<meta property=\"og:locale\" content=\"sk_SK\" \/>\n<meta property=\"og:type\" content=\"article\" \/>\n<meta property=\"og:title\" content=\"Ot\u00e1zky o sledovan\u00ed doch\u00e1dzky a pracovn\u00e9ho \u010dasu\" \/>\n<meta property=\"og:description\" content=\"Odpoved\u00e1me na naj\u010dastej\u0161ie ot\u00e1zky a sledovan\u00ed doch\u00e1dzky a pracovn\u00e9ho \u010dasu, najm\u00e4 tie t\u00fdkaj\u00face sa softv\u00e9ru.\" \/>\n<meta property=\"og:url\" content=\"https:\/\/www.testing.devjibble.net\/sk\/otazky-o-sledovani-dochadzky-a-pracovneho-casu\" \/>\n<meta property=\"og:site_name\" content=\"Jibble\" \/>\n<meta property=\"article:modified_time\" content=\"2025-12-05T11:25:15+00:00\" \/>\n<meta name=\"twitter:card\" content=\"summary_large_image\" \/>\n<meta name=\"twitter:label1\" content=\"Predpokladan\u00fd \u010das \u010d\u00edtania\" \/>\n\t<meta name=\"twitter:data1\" content=\"10 min\u00fata\" \/>\n<script type=\"application\/ld+json\" class=\"yoast-schema-graph\">{\"@context\":\"https:\/\/schema.org\",\"@graph\":[{\"@type\":\"WebPage\",\"@id\":\"https:\/\/www.testing.devjibble.net\/sk\/otazky-o-sledovani-dochadzky-a-pracovneho-casu\",\"url\":\"https:\/\/www.testing.devjibble.net\/sk\/otazky-o-sledovani-dochadzky-a-pracovneho-casu\",\"name\":\"Ot\u00e1zky o sledovan\u00ed doch\u00e1dzky a pracovn\u00e9ho \u010dasu\",\"isPartOf\":{\"@id\":\"https:\/\/www.testing.devjibble.net\/sk#website\"},\"datePublished\":\"2022-11-11T01:44:41+00:00\",\"dateModified\":\"2025-12-05T11:25:15+00:00\",\"description\":\"Odpoved\u00e1me na naj\u010dastej\u0161ie ot\u00e1zky a sledovan\u00ed doch\u00e1dzky a pracovn\u00e9ho \u010dasu, najm\u00e4 tie t\u00fdkaj\u00face sa softv\u00e9ru.\",\"inLanguage\":\"sk-SK\",\"potentialAction\":[{\"@type\":\"ReadAction\",\"target\":[\"https:\/\/www.testing.devjibble.net\/sk\/otazky-o-sledovani-dochadzky-a-pracovneho-casu\"]}]},{\"@type\":\"WebSite\",\"@id\":\"https:\/\/www.testing.devjibble.net\/sk#website\",\"url\":\"https:\/\/www.testing.devjibble.net\/sk\",\"name\":\"Jibble\",\"description\":\"Meet the new standard in time tracking software\",\"publisher\":{\"@id\":\"https:\/\/www.testing.devjibble.net\/sk#organization\"},\"potentialAction\":[{\"@type\":\"SearchAction\",\"target\":{\"@type\":\"EntryPoint\",\"urlTemplate\":\"https:\/\/www.testing.devjibble.net\/sk?s={search_term_string}\"},\"query-input\":{\"@type\":\"PropertyValueSpecification\",\"valueRequired\":true,\"valueName\":\"search_term_string\"}}],\"inLanguage\":\"sk-SK\"},{\"@type\":\"Organization\",\"@id\":\"https:\/\/www.testing.devjibble.net\/sk#organization\",\"name\":\"Jibble\",\"url\":\"https:\/\/www.testing.devjibble.net\/sk\",\"logo\":{\"@type\":\"ImageObject\",\"inLanguage\":\"sk-SK\",\"@id\":\"https:\/\/www.testing.devjibble.net\/sk#\/schema\/logo\/image\/\",\"url\":\"https:\/\/www.testing.devjibble.net\/wp-content\/uploads\/2022\/05\/Original-copy-923x1024.png\",\"contentUrl\":\"https:\/\/www.testing.devjibble.net\/wp-content\/uploads\/2022\/05\/Original-copy-923x1024.png\",\"width\":\"923\",\"height\":\"1024\",\"caption\":\"Jibble\"},\"image\":{\"@id\":\"https:\/\/www.testing.devjibble.net\/sk#\/schema\/logo\/image\/\"},\"sameAs\":[\"https:\/\/www.linkedin.com\/company\/jibble\/\"]}]}<\/script>\n<!-- \/ Yoast SEO Premium plugin. -->","yoast_head_json":{"title":"Ot\u00e1zky o sledovan\u00ed doch\u00e1dzky a pracovn\u00e9ho \u010dasu","description":"Odpoved\u00e1me na naj\u010dastej\u0161ie ot\u00e1zky a sledovan\u00ed doch\u00e1dzky a pracovn\u00e9ho \u010dasu, najm\u00e4 tie t\u00fdkaj\u00face sa softv\u00e9ru.","robots":{"index":"index","follow":"follow","max-snippet":"max-snippet:-1","max-image-preview":"max-image-preview:large","max-video-preview":"max-video-preview:-1"},"canonical":"https:\/\/www.testing.devjibble.net\/sk\/otazky-o-sledovani-dochadzky-a-pracovneho-casu","og_locale":"sk_SK","og_type":"article","og_title":"Ot\u00e1zky o sledovan\u00ed doch\u00e1dzky a pracovn\u00e9ho \u010dasu","og_description":"Odpoved\u00e1me na naj\u010dastej\u0161ie ot\u00e1zky a sledovan\u00ed doch\u00e1dzky a pracovn\u00e9ho \u010dasu, najm\u00e4 tie t\u00fdkaj\u00face sa softv\u00e9ru.","og_url":"https:\/\/www.testing.devjibble.net\/sk\/otazky-o-sledovani-dochadzky-a-pracovneho-casu","og_site_name":"Jibble","article_modified_time":"2025-12-05T11:25:15+00:00","twitter_card":"summary_large_image","twitter_misc":{"Predpokladan\u00fd \u010das \u010d\u00edtania":"10 min\u00fata"},"schema":{"@context":"https:\/\/schema.org","@graph":[{"@type":"WebPage","@id":"https:\/\/www.testing.devjibble.net\/sk\/otazky-o-sledovani-dochadzky-a-pracovneho-casu","url":"https:\/\/www.testing.devjibble.net\/sk\/otazky-o-sledovani-dochadzky-a-pracovneho-casu","name":"Ot\u00e1zky o sledovan\u00ed doch\u00e1dzky a pracovn\u00e9ho \u010dasu","isPartOf":{"@id":"https:\/\/www.testing.devjibble.net\/sk#website"},"datePublished":"2022-11-11T01:44:41+00:00","dateModified":"2025-12-05T11:25:15+00:00","description":"Odpoved\u00e1me na naj\u010dastej\u0161ie ot\u00e1zky a sledovan\u00ed doch\u00e1dzky a pracovn\u00e9ho \u010dasu, najm\u00e4 tie t\u00fdkaj\u00face sa softv\u00e9ru.","inLanguage":"sk-SK","potentialAction":[{"@type":"ReadAction","target":["https:\/\/www.testing.devjibble.net\/sk\/otazky-o-sledovani-dochadzky-a-pracovneho-casu"]}]},{"@type":"WebSite","@id":"https:\/\/www.testing.devjibble.net\/sk#website","url":"https:\/\/www.testing.devjibble.net\/sk","name":"Jibble","description":"Meet the new standard in time tracking software","publisher":{"@id":"https:\/\/www.testing.devjibble.net\/sk#organization"},"potentialAction":[{"@type":"SearchAction","target":{"@type":"EntryPoint","urlTemplate":"https:\/\/www.testing.devjibble.net\/sk?s={search_term_string}"},"query-input":{"@type":"PropertyValueSpecification","valueRequired":true,"valueName":"search_term_string"}}],"inLanguage":"sk-SK"},{"@type":"Organization","@id":"https:\/\/www.testing.devjibble.net\/sk#organization","name":"Jibble","url":"https:\/\/www.testing.devjibble.net\/sk","logo":{"@type":"ImageObject","inLanguage":"sk-SK","@id":"https:\/\/www.testing.devjibble.net\/sk#\/schema\/logo\/image\/","url":"https:\/\/www.testing.devjibble.net\/wp-content\/uploads\/2022\/05\/Original-copy-923x1024.png","contentUrl":"https:\/\/www.testing.devjibble.net\/wp-content\/uploads\/2022\/05\/Original-copy-923x1024.png","width":"923","height":"1024","caption":"Jibble"},"image":{"@id":"https:\/\/www.testing.devjibble.net\/sk#\/schema\/logo\/image\/"},"sameAs":["https:\/\/www.linkedin.com\/company\/jibble\/"]}]}},"_links":{"self":[{"href":"https:\/\/www.testing.devjibble.net\/sk\/wp-json\/wp\/v2\/pages\/344477","targetHints":{"allow":["GET"]}}],"collection":[{"href":"https:\/\/www.testing.devjibble.net\/sk\/wp-json\/wp\/v2\/pages"}],"about":[{"href":"https:\/\/www.testing.devjibble.net\/sk\/wp-json\/wp\/v2\/types\/page"}],"author":[{"embeddable":true,"href":"https:\/\/www.testing.devjibble.net\/sk\/wp-json\/wp\/v2\/users\/6"}],"replies":[{"embeddable":true,"href":"https:\/\/www.testing.devjibble.net\/sk\/wp-json\/wp\/v2\/comments?post=344477"}],"version-history":[{"count":3,"href":"https:\/\/www.testing.devjibble.net\/sk\/wp-json\/wp\/v2\/pages\/344477\/revisions"}],"predecessor-version":[{"id":347292,"href":"https:\/\/www.testing.devjibble.net\/sk\/wp-json\/wp\/v2\/pages\/344477\/revisions\/347292"}],"wp:attachment":[{"href":"https:\/\/www.testing.devjibble.net\/sk\/wp-json\/wp\/v2\/media?parent=344477"}],"curies":[{"name":"wp","href":"https:\/\/api.w.org\/{rel}","templated":true}]}}