{"id":344475,"date":"2022-09-09T06:35:52","date_gmt":"2022-09-09T05:35:52","guid":{"rendered":"https:\/\/www.testing.devjibble.net\/?page_id=344475"},"modified":"2025-11-22T19:08:02","modified_gmt":"2025-11-22T19:08:02","slug":"otazky-o-sledovani-casu","status":"publish","type":"page","link":"https:\/\/www.testing.devjibble.net\/sk\/otazky-o-sledovani-casu","title":{"rendered":"Ot\u00e1zky o sledovan\u00ed \u010dasu"},"content":{"rendered":"<p>1<\/p>\n<p>Naozaj potrebujete sledova\u0165 \u010das zamestnancov?<\/p>\n<p><span style=\"font-weight: 400;\">Neexistuje v\u0161eobecn\u00e1 potreba sledova\u0165 \u010das zamestnancov a v mnoh\u00fdch pr\u00edpadoch m\u00f4\u017ee by\u0165 sledovanie \u010dasu dokonca zbyto\u010dn\u00e9. Sledovanie \u010dasu je rie\u0161enie. Ak nem\u00e1te probl\u00e9m, potom mo\u017eno nepotrebujete rie\u0161enie. <\/span><\/p>\n<p><span style=\"font-weight: 400;\">Prv\u00fdm krokom je teda identifikova\u0165 probl\u00e9my, ktor\u00e9 m\u00e1te pri riaden\u00ed svojich zamestnancov. Ak s\u00fa KPI jasn\u00e9 a dodr\u017eiavan\u00e9, potom sledovanie \u010dasu nemus\u00ed prinies\u0165 \u017eiadny \u00fa\u017eitok. Realita je v\u0161ak tak\u00e1, \u017ee vo v\u00e4\u010d\u0161ine pracovn\u00fdch poz\u00edci\u00ed nie je ma\u0165 v\u0161etky KPI, ktor\u00e9 zah\u0155\u0148aj\u00fa v\u0161etky aspekty pracovnej \u00falohy, a n\u00e1sledn\u00e9 stanovenie primeran\u00fdch KPI ani z\u010faleka tak\u00e9 jednoduch\u00e9, ako si mnoh\u00ed myslia. <\/span><\/p>\n<p>Rozhodol som sa sledova\u0165 \u010das svojich zamestnancov, ale je softv\u00e9r na sledovanie \u010dasu v\u00f4bec potrebn\u00fd?<\/p>\n<p><span style=\"font-weight: 400;\">Nie, v\u00f4bec nie je potrebn\u00e9 pou\u017e\u00edva\u0165 <a href=\"https:\/\/www.testing.devjibble.net\/sk\/softver-na-evidenciu-pracovneho-casu\">softv\u00e9r na zaznamen\u00e1vanie doch\u00e1dzky<\/a>, ale jeho pou\u017e\u00edvanie by mohlo v\u00fdrazne u\u013eah\u010di\u0165 \u017eivot, a t\u00fdm u\u0161etri\u0165 n\u00e1klady a minimalizova\u0165 chyby, najm\u00e4 pre v\u00e4\u010d\u0161ie organiz\u00e1cie, kde sa riadenie \u010dasu m\u00f4\u017ee sta\u0165 no\u010dnou morou.<\/span><\/p>\n<p>Naozaj sa zaob\u00eddete s bezplatnou aplik\u00e1ciou na sledovanie \u010dasu?<\/p>\n<p><span style=\"font-weight: 400;\">\u00c1no. S\u00fahlas\u00edme, bezplatn\u00e1 mo\u017enos\u0165 nebude fungova\u0165 pre ka\u017ed\u00e9ho, ale je to absol\u00fatne \u017eivotaschopn\u00e9 rie\u0161enie. Napr\u00edklad s Jibble drviv\u00e1 v\u00e4\u010d\u0161ina na\u0161ich pou\u017e\u00edvate\u013eov nikdy nezaplat\u00ed ani cent. <\/span><\/p>\n<p>Ak\u00fd je rozdiel medzi softv\u00e9rom na sledovanie \u010dasu a softv\u00e9rom na \u010dasov\u00e9 v\u00fdkazy?<\/p>\n<p><span style=\"font-weight: 400;\">Medzi t\u00fdmito dvoma v podstate nie je \u017eiadny rozdiel.<\/span><\/p>\n<p><span style=\"font-weight: 400;\">Prv\u00fd nazna\u010duje, \u017ee softv\u00e9r sleduje \u010das, zatia\u013e \u010do druh\u00fd nazna\u010duje vytv\u00e1ranie \u010dasov\u00fdch v\u00fdkazov, ale vzh\u013eadom na to, \u017ee takmer v\u0161etok softv\u00e9r na sledovanie \u010dasu exportuje \u00fadaje o sledovan\u00ed \u010dasu do \u010dasov\u00fdch v\u00fdkazov a takmer v\u0161etok softv\u00e9r na \u010dasov\u00e9 v\u00fdkazy z\u00edskava svoje \u00fadaje zo sledovan\u00e9ho \u010dasu, v praxi medzi nimi nie je \u017eiadny rozdiel.<\/span><\/p>\n<p>Ak\u00fd je rozdiel medzi softv\u00e9rom na sledovanie \u010dasu a softv\u00e9rom na evidenciu doch\u00e1dzky a pracovn\u00e9ho \u010dasu?<\/p>\n<p><span style=\"font-weight: 400;\">Softv\u00e9r na sledovanie \u010dasu je \u0161irok\u00fd pojem pre softv\u00e9r, ktor\u00fd sleduje \u010das, a m\u00f4\u017ee by\u0165 pou\u017eit\u00fd pre zamestnancov pracuj\u00facich v kancel\u00e1rii aj pre t\u00fdch na mieste. Doch\u00e1dzkov\u00fd syst\u00e9m je podskupinou sledovania \u010dasu a vzh\u013eadom na slovo \u201edoch\u00e1dzka\u201c nazna\u010duje, \u017ee je ur\u010den\u00fd pre zamestnancov na mieste \u2013 <a href=\"https:\/\/www.testing.devjibble.net\/sk\/softver-na-evidenciu-dochadzky-a-pracovneho-casu\">softv\u00e9r na doch\u00e1dzku<\/a> by ste be\u017ene nepou\u017e\u00edvali pre zamestnancov pracuj\u00facich v kancel\u00e1rii. <\/span><\/p>\n<p>Tu s\u00fa niektor\u00e9 <a href=\"https:\/\/www.testing.devjibble.net\/sk\/otazky-o-evidencii-dochadzky-a-pracovneho-casu\">ot\u00e1zky a odpovede o doch\u00e1dzke<\/a>.<\/p>\n<p>Mal by som nahr\u00e1va\u0165 obrazovky notebookov svojich zamestnancov?<\/p>\n<p><span style=\"font-weight: 400;\">To nie je najlep\u0161\u00ed n\u00e1pad. Va\u0161i zamestnanci poc\u00edtia nedostatok d\u00f4very, nikto nem\u00e1 r\u00e1d neust\u00e1le sledovanie, a tak va\u0161i najlep\u0161\u00ed zamestnanci jednoducho opustia spolo\u010dnos\u0165. Ob\u00eds\u0165 nahr\u00e1vanie obrazovky je v skuto\u010dnosti pomerne jednoduch\u00e9 a zameranie sa na zaznamenan\u00fd \u010das obrazovky namiesto v\u00fdstupu znamen\u00e1, \u017ee \u010das obrazovky sa stane KPI, nie v\u00fdstup. Preto m\u00e1 ove\u013ea v\u00e4\u010d\u0161\u00ed zmysel sledova\u0165 \u0161irok\u00e9 aktivity, projekty a\/alebo klientov pre transparentnos\u0165 a zabezpe\u010di\u0165 efekt\u00edvne riadenie. <\/span><\/p>\n<p>M\u00f4\u017ee zamestn\u00e1vate\u013e po\u017eadova\u0165 od zamestnanca, aby si stiahol aplik\u00e1ciu na sledovanie \u010dasu do svojho osobn\u00e9ho mobilu?<\/p>\n<p><span style=\"font-weight: 400;\">Vo v\u0161eobecnosti nie, zamestn\u00e1vate\u013e nem\u00f4\u017ee n\u00fati\u0165 zamestnanca pou\u017e\u00edva\u0165 aplik\u00e1ciu na jeho mobilnom telef\u00f3ne, pokia\u013e to nie je v\u00fdslovne uveden\u00e9 v zmluve. Vo v\u00e4\u010d\u0161ine pr\u00edpadov v\u0161ak zamestn\u00e1vate\u013e a zamestnanec potrebuj\u00fa ur\u010dit\u00fa mieru kompromisu pre dobr\u00fd pracovn\u00fd vz\u0165ah a to, \u017ee zamestnanec zdvihne telef\u00f3n alebo ho pou\u017eije na sledovanie \u010dasu, ak je o to po\u017eiadan\u00fd, by sa zvy\u010dajne pova\u017eovalo za primeran\u00e9. <\/span><\/p>\n<p>Nenar\u00fa\u0161a sledovanie \u010dasu zamestnancov d\u00f4veru v t\u00edmoch?<\/p>\n<p><span style=\"font-weight: 400;\">\u00c1no, ak sa stane mikro-sledovan\u00edm \u010dasu; nie, ak s\u00fa jeho v\u00fdhody dobre komunikovan\u00e9, a t\u00e1to komunik\u00e1cia znamen\u00e1 sprostredkovanie zamestnancom, ako to pom\u00e1ha zamestnancovi aj zamestn\u00e1vate\u013eovi.<\/span><\/p>\n<p>Je sledovanie \u010dasu rovnocenn\u00e9 so \u0161pehovan\u00edm zamestnancov?<\/p>\n<p><span style=\"font-weight: 400;\">Ak nahr\u00e1vate obrazovku svojich zamestnancov bez toho, aby ste im to povedali, \u00e1no, to sa ve\u013emi podob\u00e1 \u0161pehovaniu. Softv\u00e9r na sledovanie \u010dasu sa v\u0161ak zriedka pou\u017e\u00edva t\u00fdmto sp\u00f4sobom a spr\u00e1vne vykonan\u00e9 sledovanie \u010dasu by nemalo obsahova\u0165 ani prvok \u0161pehovania. <\/span><\/p>\n<p>Ako zar\u00e1baj\u00fa 100% BEZPLATN\u00c9 aplik\u00e1cie na sledovanie \u010dasu?<\/p>\n<p><span style=\"font-weight: 400;\">Nie je ve\u013ea bezplatn\u00fdch aplik\u00e1ci\u00ed na \u010dasov\u00e9 v\u00fdkazy, ale ka\u017ed\u00e1 <a href=\"https:\/\/www.testing.devjibble.net\/sk\/aplikacia-na-evidenciu-pracovneho-casu\">aplik\u00e1cia na \u010dasov\u00e9 v\u00fdkazy<\/a> zar\u00e1ba peniaze \u00fa\u010dtovan\u00edm za volite\u013en\u00e9 upgrady.<\/span><\/p>\n<p>Ako vysvetl\u00edm svojim zamestnancom, \u017ee za\u010dneme sledova\u0165 ich \u010das?<\/p>\n<p><span style=\"font-weight: 400;\">Komunik\u00e1cia je skuto\u010dne d\u00f4le\u017eit\u00e1, rovnako ako nastavenie o\u010dak\u00e1van\u00ed. Zamestnancom platen\u00fdm hodinovou mzdou by ste mali vysvetli\u0165, \u017ee sledovanie \u010dasu je rovnako na ich ochranu ako aj na ochranu spolo\u010dnosti. Sledovanie \u010dasu znamen\u00e1, \u017ee zamestnanci s\u00fa spravodlivo platen\u00ed a zamestn\u00e1vatelia spravodlivo platia. Zamestnancom s pevn\u00fdm platom by ste mali vysvetli\u0165 potrebu zodpovednosti. Mana\u017e\u00e9ri, ktor\u00ed nevedia, na \u010dom ich zamestnanci pracuj\u00fa, zvy\u010dajne \u010faleko nez\u00e1jdu. <\/span><\/p>\n<p>Mali by va\u0161i zamestnanci pracuj\u00faci v kancel\u00e1rii sledova\u0165 \u010das?<\/p>\n<p><span style=\"font-weight: 400;\">Vo v\u0161eobecnosti nem\u00e1 ve\u013ek\u00fd zmysel sledova\u0165 doch\u00e1dzku va\u0161ich zamestnancov pracuj\u00facich za stolom, t.j. sledova\u0165, ko\u013eko hod\u00edn str\u00e1vili pri svojom stole, preto\u017ee to prin\u00e1\u0161a len m\u00e1lo. Av\u0161ak, \u010dasto stoj\u00ed za to sledova\u0165, kam sa hodiny m\u00ed\u0148aj\u00fa, t.j. na ak\u00e9 aktivity, projekty a\/alebo klientov. Bez takejto z\u00e1kladnej zodpovednosti je takmer nemo\u017en\u00e9 efekt\u00edvne riadi\u0165 v\u00e4\u010d\u0161inu zamestnancov pracuj\u00facich za stolom. <\/span><\/p>\n<p>Nie s\u00fa v\u0161etky softv\u00e9rov\u00e9 rie\u0161enia na sledovanie \u010dasu v podstate rovnak\u00e9?<\/p>\n<p><span style=\"font-weight: 400;\">V\u00e4\u010d\u0161ina sa skuto\u010dne sna\u017e\u00ed rie\u0161i\u0165 ten ist\u00fd probl\u00e9m, t.j. sledova\u0165 \u010das zamestnancov. Ka\u017ed\u00e9 m\u00e1 v\u0161ak svoje vlastn\u00e9 zameranie, r\u00f4zne softv\u00e9rov\u00e9 integr\u00e1cie, siln\u00e9 str\u00e1nky, cenu a mo\u017eno najd\u00f4le\u017eitej\u0161ie, ka\u017ed\u00e9 m\u00e1 r\u00f4zne \u00farovne realiz\u00e1cie \u2013 aplik\u00e1cia na sledovanie \u010dasu, ktor\u00e1 s\u0165a\u017euje zamestnancom skuto\u010dn\u00e9 sledovanie \u010dasu, nakoniec sp\u00f4sob\u00ed ove\u013ea viac probl\u00e9mov, ne\u017e rie\u0161i. <\/span><\/p>\n<p>Ak\u00e9 s\u00fa 4 k\u013e\u00fa\u010dov\u00e9 veci, ktor\u00e9 treba h\u013eada\u0165 v rie\u0161en\u00ed na sledovanie \u010dasu?<\/p>\n<ol>\n<li><span style=\"font-weight: 400;\">Vyu\u017eite sk\u00fasenosti existuj\u00facich pou\u017e\u00edvate\u013eov, preto si pozrite recenzie.<\/span><\/li>\n<li><span style=\"font-weight: 400;\"> Ak sa integruje s aplik\u00e1ciami, ktor\u00e9 u\u017e pou\u017e\u00edvate, u\u0161etr\u00ed v\u00e1m to ve\u013ea \u010dasu pri synchroniz\u00e1cii zamestnancov a \u00fadajov.<\/span><\/li>\n<li><span style=\"font-weight: 400;\"> Ak je pre v\u00e1s \u0165a\u017ek\u00e9 z\u00edska\u0165 bezplatn\u00fa sk\u00fa\u0161obn\u00fa verziu, v skuto\u010dnosti ak v\u00e1m bezplatn\u00fa sk\u00fa\u0161obn\u00fa verziu netla\u010dia, malo by to vyvola\u0165 popla\u0161n\u00e9 zvony. Ak je to skvel\u00fd softv\u00e9r, bud\u00fa chcie\u0165, aby ste ho vysk\u00fa\u0161ali. <\/span><\/li>\n<li><span style=\"font-weight: 400;\"> Nieko\u013ekokr\u00e1t sa obr\u00e1\u0165te na z\u00e1kazn\u00edcku podporu, aby ste ju otestovali. Ke\u010f budete v probl\u00e9moch, skvel\u00e1 z\u00e1kazn\u00edcka podpora bude z\u00e1chranou \u017eivota, nepodce\u0148ujte to. <\/span><\/li>\n<li><span style=\"font-weight: 400;\"> Vyberte si aplik\u00e1ciu, ktor\u00e1 nerob\u00ed ni\u010d in\u00e9 ako sledovanie \u010dasu, jej zameranie znamen\u00e1, \u017ee pravdepodobne urob\u00ed ove\u013ea lep\u0161iu pr\u00e1cu ako v\u0161eobecn\u00e9 HR rie\u0161enia.<\/span><\/li>\n<\/ol>\n<p>Nie je sledovanie \u010dasu va\u0161ich zamestnancov neleg\u00e1lne?<\/p>\n<p><span style=\"font-weight: 400;\">Sledovanie \u010dasu zamestnancov nie je neleg\u00e1lne v \u017eiadnej jurisdikcii na svete. V skuto\u010dnosti v mnoh\u00fdch, mo\u017eno dokonca vo v\u00e4\u010d\u0161ine rozvinut\u00fdch kraj\u00edn sa sledovanie \u010dasu stalo z\u00e1konom po\u017eadovan\u00fdm nejak\u00fdm sp\u00f4sobom, aby sa chr\u00e1nili zamestnanci pred pre\u0165a\u017een\u00edm a zabezpe\u010dilo sa, \u017ee dostan\u00fa zaplaten\u00e9 za pr\u00edpadn\u00e9 nad\u010dasy, ale nedostatok povedomia znamen\u00e1, \u017ee tak\u00e9to z\u00e1kony sa zriedka vynucuj\u00fa. <\/span><\/p>\n<p>Nie je sledovanie \u010dasu formou mikromana\u017ementu?<\/p>\n<p><span style=\"font-weight: 400;\">M\u00f4\u017ee by\u0165, ale nemus\u00ed. Ak sledujete doch\u00e1dzku, je to potrebn\u00e9 na zabezpe\u010denie toho, aby zamestnanci pri\u0161li v\u010das alebo na spr\u00e1vne vypo\u010d\u00edtanie mzdy. Ak sledujete \u010das pracovn\u00edkov za stolom zaznamen\u00e1van\u00edm obrazoviek, to sa bl\u00ed\u017ei k mikromana\u017ementu. Zaznamen\u00e1vanie \u0161iroko zalo\u017een\u00fdch aktiv\u00edt je len o tom, aby ste si boli vedom\u00ed, kde s\u00fa nasaden\u00e9 va\u0161e \u013eudsk\u00e9 zdroje, a je to zvy\u010dajne nevyhnutn\u00e9 pre mana\u017ement. <\/span><\/p>\n<p>Ktor\u00fd softv\u00e9r na sledovanie \u010dasu pou\u017e\u00edva Tesla?<\/p>\n<p><span style=\"font-weight: 400;\">Od roku 2022 Tesla pou\u017e\u00edva na sledovanie \u010dasu zamestnancov Jibble.<\/span><\/p>\n<p>Nie je sledovanie \u010dasu tak starom\u00f3dne?<\/p>\n<p><span style=\"font-weight: 400;\">Mikromana\u017eovanie zamestnancov do bodu, ke\u010f sa zaznamen\u00e1vaj\u00fa ich obrazovky, nie je starom\u00f3dne, preto\u017ee je to relat\u00edvne ned\u00e1vna inov\u00e1cia, ale koncept presn\u00e9ho poznania ka\u017ed\u00e9ho detailu toho, \u010do va\u0161i zamestnanci robia, je skuto\u010dne starom\u00f3dny. To u\u017e dnes nefunguje. Av\u0161ak pou\u017e\u00edvanie <a href=\"https:\/\/www.testing.devjibble.net\/sk\/sledovanie-dochadzky\">aplik\u00e1cie na sledovanie doch\u00e1dzky zamestnancov<\/a> alebo sledova\u010da \u010dasu na v\u0161eobecn\u00e9 pochopenie toho, kam smeruj\u00fa hodiny va\u0161ich zamestnancov, je nevyhnutnou s\u00fa\u010das\u0165ou efekt\u00edvneho riadenia. <\/span><\/p>\n<p>Ako sa m\u00f4\u017ee softv\u00e9r na sledovanie \u010dasu sta\u0165 pozit\u00edvnou sk\u00fasenos\u0165ou pre zamestnancov?<\/p>\n<p><span style=\"font-weight: 400;\">Zamestn\u00e1vatelia by mali presved\u010di\u0165 svojich zamestnancov o d\u00f4le\u017eitosti pou\u017e\u00edvania <a href=\"https:\/\/www.testing.devjibble.net\/work-hours-tracker\">sledova\u010da pracovn\u00e9ho \u010dasu<\/a>. Nie je to preto, aby ste ich mohli mikromana\u017eova\u0165 alebo \u0161pic\u013eova\u0165, ale aby sa zabezpe\u010dilo, \u017ee je rozdelen\u00e1 primeran\u00e1 pracovn\u00e1 z\u00e1\u0165a\u017e a aby sa identifikovali a predch\u00e1dzali pr\u00edpady v\u00e1\u017eneho vyhorenia. Napr\u00edklad, mana\u017e\u00e9ri by si mohli v\u0161imn\u00fa\u0165, \u017ee ich zamestnanec m\u00e1 probl\u00e9my s dokon\u010den\u00edm \u00faloh alebo tr\u00e1vi viac \u010dasu, ale s mal\u00fdm alebo \u017eiadnym pokrokom, potom by s n\u00edm mohli chcie\u0165 hovori\u0165 alebo pon\u00faknu\u0165 mu nejak\u00fd \u010das na zotavenie. <\/span><\/p>\n<p>Pre\u010do Google nevytvor\u00ed softv\u00e9r na sledovanie \u010dasu zamestnancov a neovl\u00e1dne trh?<\/p>\n<p>Sledovanie \u010dasu je skuto\u010dne ve\u013ek\u00fd biznis. Odhadujeme, \u017ee s\u00fa\u010dasn\u00e1 hodnota v\u0161etk\u00fdch podnikov so softv\u00e9rom na sledovanie \u010dasu je v oblasti 100 mili\u00e1rd dol\u00e1rov, ur\u010dite by to st\u00e1lo za to pre Google Alphabet, ak by mohol z\u00edska\u0165 1\/3 z toho.<\/p>\n<p>Ale sledovanie \u010dasu nie je s\u00fa\u010das\u0165ou zamerania Google, nezapadalo by dobre do jeho s\u00fa\u010dasnej ponuky produktov, a sledovanie \u010dasu je v skuto\u010dnosti ve\u013emi \u0161irok\u00e1 oblas\u0165, ktorej najlep\u0161ie sl\u00fa\u017eia \u0161pecializovan\u00ed hr\u00e1\u010di zameran\u00ed na r\u00f4zne segmenty. Google nem\u00f4\u017ee robi\u0165 v\u0161etko, a tak by nakoniec bolo pre Google ve\u013emi \u0165a\u017ek\u00e9 z\u00edska\u0165 ten 1\/3 podiel na trhu alebo dokonca bl\u00edzko k tomu, a maj\u00fa to, \u010do by pova\u017eovali za zauj\u00edmavej\u0161ie veci, na ktor\u00e9 sa m\u00f4\u017eu zamera\u0165.<\/p>\n<p>\u010co je PTO?<\/p>\n<p>PTO znamen\u00e1 Platen\u00e9 vo\u013eno (Paid Time Off), v\u00e4\u010d\u0161ina sveta mimo USA to naz\u00fdva &#8218;dovolenka&#8216;. A tak <a href=\"https:\/\/www.testing.devjibble.net\/pto-tracking-software\">softv\u00e9r na sledovanie PTO<\/a> je to ist\u00e9 ako softv\u00e9r na sledovanie dovolenky.<\/p>\n<p>Existuje skuto\u010dne 100% bezplatn\u00fd softv\u00e9r na sledovanie \u010dasu?<\/p>\n<p>\u00c1no, existuje, a vol\u00e1 sa Jibble. Jibble je 100% ZADARMO pre ve\u013ek\u00fa v\u00e4\u010d\u0161inu podnikov, ktor\u00e9 ho pou\u017e\u00edvaj\u00fa, nikdy neplatia ani cent, nikdy nemusia zad\u00e1va\u0165 \u017eiadne \u00fadaje o kreditnej karte a m\u00f4\u017eu ho kedyko\u013evek zru\u0161i\u0165.<\/p>\n<p>Je softv\u00e9r na sledovanie \u010dasu najjednoduch\u0161\u00edm rie\u0161en\u00edm na sledovanie \u010dasu?<\/p>\n<p>Nie nevyhnutne, pre mal\u00e9 t\u00edmy s ve\u013emi z\u00e1kladn\u00fdmi potrebami je <a href=\"https:\/\/www.testing.devjibble.net\/work-hours-and-timecard-calculator\">kalkula\u010dka pracovn\u00fdch hod\u00edn<\/a> mo\u017eno v\u0161etko, \u010do potrebujete.<\/p>\n<p>Sledovali by ste svoje vlastn\u00e9 hodiny a pou\u017eili kalkula\u010dku na v\u00fdpo\u010det celkov\u00e9ho po\u010dtu hod\u00edn na v\u00fdplatu. Nie je potrebn\u00e9 ani vytv\u00e1ra\u0165 \u00fa\u010det.<\/p>\n<p>Mohli by ste si vytla\u010di\u0165 <a href=\"https:\/\/www.testing.devjibble.net\/sk\/sablona-casoveho-vykazu\">\u0161abl\u00f3ny \u010dasov\u00fdch v\u00fdkazov<\/a>, kde by sa zaznamen\u00e1val \u010das.<\/p>\n","protected":false},"excerpt":{"rendered":"<p>1 Naozaj potrebujete sledova\u0165 \u010das zamestnancov? Neexistuje v\u0161eobecn\u00e1 potreba sledova\u0165 \u010das zamestnancov a v mnoh\u00fdch pr\u00edpadoch m\u00f4\u017ee by\u0165 sledovanie \u010dasu dokonca zbyto\u010dn\u00e9. Sledovanie \u010dasu je rie\u0161enie. Ak nem\u00e1te probl\u00e9m, potom mo\u017eno nepotrebujete rie\u0161enie. Prv\u00fdm krokom je teda identifikova\u0165 probl\u00e9my, ktor\u00e9 m\u00e1te pri riaden\u00ed svojich zamestnancov. Ak s\u00fa KPI jasn\u00e9 a dodr\u017eiavan\u00e9, potom sledovanie \u010dasu nemus\u00ed [&hellip;]<\/p>\n","protected":false},"author":6,"featured_media":0,"parent":0,"menu_order":0,"comment_status":"closed","ping_status":"closed","template":"page-blank.php","meta":{"_acf_changed":false,"footnotes":""},"class_list":["post-344475","page","type-page","status-publish","hentry"],"acf":[],"yoast_head":"<!-- This site is optimized with the Yoast SEO Premium plugin v26.8 (Yoast SEO v26.8) - https:\/\/yoast.com\/product\/yoast-seo-premium-wordpress\/ -->\n<title>Ot\u00e1zky o sledovan\u00ed \u010dasu, na ktor\u00e9 ste sa b\u00e1li op\u00fdta\u0165<\/title>\n<meta name=\"description\" content=\"Je sledovanie \u010dasu nevyhnutn\u00e9? Ako m\u00f4\u017eete sledova\u0165 \u010das? Odpovede na ot\u00e1zky o sledovan\u00ed \u010dasu n\u00e1jdete v tomto r\u00fdchlom sprievodcovi.\" \/>\n<meta name=\"robots\" content=\"index, follow, max-snippet:-1, max-image-preview:large, max-video-preview:-1\" \/>\n<link rel=\"canonical\" href=\"https:\/\/www.testing.devjibble.net\/sk\/otazky-o-sledovani-casu\" \/>\n<meta property=\"og:locale\" content=\"sk_SK\" \/>\n<meta property=\"og:type\" content=\"article\" \/>\n<meta property=\"og:title\" content=\"Ot\u00e1zky o sledovan\u00ed \u010dasu, na ktor\u00e9 ste sa b\u00e1li op\u00fdta\u0165\" \/>\n<meta property=\"og:description\" content=\"Je sledovanie \u010dasu nevyhnutn\u00e9? Ako m\u00f4\u017eete sledova\u0165 \u010das? Odpovede na ot\u00e1zky o sledovan\u00ed \u010dasu n\u00e1jdete v tomto r\u00fdchlom sprievodcovi.\" \/>\n<meta property=\"og:url\" content=\"https:\/\/www.testing.devjibble.net\/sk\/otazky-o-sledovani-casu\" \/>\n<meta property=\"og:site_name\" content=\"Jibble\" \/>\n<meta property=\"article:modified_time\" content=\"2025-11-22T19:08:02+00:00\" \/>\n<meta name=\"twitter:card\" content=\"summary_large_image\" \/>\n<meta name=\"twitter:label1\" content=\"Predpokladan\u00fd \u010das \u010d\u00edtania\" \/>\n\t<meta name=\"twitter:data1\" content=\"14 min\u00fata\" \/>\n<script type=\"application\/ld+json\" class=\"yoast-schema-graph\">{\"@context\":\"https:\/\/schema.org\",\"@graph\":[{\"@type\":\"WebPage\",\"@id\":\"https:\/\/www.testing.devjibble.net\/sk\/otazky-o-sledovani-casu\",\"url\":\"https:\/\/www.testing.devjibble.net\/sk\/otazky-o-sledovani-casu\",\"name\":\"Ot\u00e1zky o sledovan\u00ed \u010dasu, na ktor\u00e9 ste sa b\u00e1li op\u00fdta\u0165\",\"isPartOf\":{\"@id\":\"https:\/\/www.testing.devjibble.net\/sk#website\"},\"datePublished\":\"2022-09-09T05:35:52+00:00\",\"dateModified\":\"2025-11-22T19:08:02+00:00\",\"description\":\"Je sledovanie \u010dasu nevyhnutn\u00e9? Ako m\u00f4\u017eete sledova\u0165 \u010das? Odpovede na ot\u00e1zky o sledovan\u00ed \u010dasu n\u00e1jdete v tomto r\u00fdchlom sprievodcovi.\",\"inLanguage\":\"sk-SK\",\"potentialAction\":[{\"@type\":\"ReadAction\",\"target\":[\"https:\/\/www.testing.devjibble.net\/sk\/otazky-o-sledovani-casu\"]}]},{\"@type\":\"WebSite\",\"@id\":\"https:\/\/www.testing.devjibble.net\/sk#website\",\"url\":\"https:\/\/www.testing.devjibble.net\/sk\",\"name\":\"Jibble\",\"description\":\"Meet the new standard in time tracking software\",\"publisher\":{\"@id\":\"https:\/\/www.testing.devjibble.net\/sk#organization\"},\"potentialAction\":[{\"@type\":\"SearchAction\",\"target\":{\"@type\":\"EntryPoint\",\"urlTemplate\":\"https:\/\/www.testing.devjibble.net\/sk?s={search_term_string}\"},\"query-input\":{\"@type\":\"PropertyValueSpecification\",\"valueRequired\":true,\"valueName\":\"search_term_string\"}}],\"inLanguage\":\"sk-SK\"},{\"@type\":\"Organization\",\"@id\":\"https:\/\/www.testing.devjibble.net\/sk#organization\",\"name\":\"Jibble\",\"url\":\"https:\/\/www.testing.devjibble.net\/sk\",\"logo\":{\"@type\":\"ImageObject\",\"inLanguage\":\"sk-SK\",\"@id\":\"https:\/\/www.testing.devjibble.net\/sk#\/schema\/logo\/image\/\",\"url\":\"https:\/\/www.testing.devjibble.net\/wp-content\/uploads\/2022\/05\/Original-copy-923x1024.png\",\"contentUrl\":\"https:\/\/www.testing.devjibble.net\/wp-content\/uploads\/2022\/05\/Original-copy-923x1024.png\",\"width\":\"923\",\"height\":\"1024\",\"caption\":\"Jibble\"},\"image\":{\"@id\":\"https:\/\/www.testing.devjibble.net\/sk#\/schema\/logo\/image\/\"},\"sameAs\":[\"https:\/\/www.linkedin.com\/company\/jibble\/\"]}]}<\/script>\n<!-- \/ Yoast SEO Premium plugin. -->","yoast_head_json":{"title":"Ot\u00e1zky o sledovan\u00ed \u010dasu, na ktor\u00e9 ste sa b\u00e1li op\u00fdta\u0165","description":"Je sledovanie \u010dasu nevyhnutn\u00e9? Ako m\u00f4\u017eete sledova\u0165 \u010das? Odpovede na ot\u00e1zky o sledovan\u00ed \u010dasu n\u00e1jdete v tomto r\u00fdchlom sprievodcovi.","robots":{"index":"index","follow":"follow","max-snippet":"max-snippet:-1","max-image-preview":"max-image-preview:large","max-video-preview":"max-video-preview:-1"},"canonical":"https:\/\/www.testing.devjibble.net\/sk\/otazky-o-sledovani-casu","og_locale":"sk_SK","og_type":"article","og_title":"Ot\u00e1zky o sledovan\u00ed \u010dasu, na ktor\u00e9 ste sa b\u00e1li op\u00fdta\u0165","og_description":"Je sledovanie \u010dasu nevyhnutn\u00e9? Ako m\u00f4\u017eete sledova\u0165 \u010das? Odpovede na ot\u00e1zky o sledovan\u00ed \u010dasu n\u00e1jdete v tomto r\u00fdchlom sprievodcovi.","og_url":"https:\/\/www.testing.devjibble.net\/sk\/otazky-o-sledovani-casu","og_site_name":"Jibble","article_modified_time":"2025-11-22T19:08:02+00:00","twitter_card":"summary_large_image","twitter_misc":{"Predpokladan\u00fd \u010das \u010d\u00edtania":"14 min\u00fata"},"schema":{"@context":"https:\/\/schema.org","@graph":[{"@type":"WebPage","@id":"https:\/\/www.testing.devjibble.net\/sk\/otazky-o-sledovani-casu","url":"https:\/\/www.testing.devjibble.net\/sk\/otazky-o-sledovani-casu","name":"Ot\u00e1zky o sledovan\u00ed \u010dasu, na ktor\u00e9 ste sa b\u00e1li op\u00fdta\u0165","isPartOf":{"@id":"https:\/\/www.testing.devjibble.net\/sk#website"},"datePublished":"2022-09-09T05:35:52+00:00","dateModified":"2025-11-22T19:08:02+00:00","description":"Je sledovanie \u010dasu nevyhnutn\u00e9? Ako m\u00f4\u017eete sledova\u0165 \u010das? Odpovede na ot\u00e1zky o sledovan\u00ed \u010dasu n\u00e1jdete v tomto r\u00fdchlom sprievodcovi.","inLanguage":"sk-SK","potentialAction":[{"@type":"ReadAction","target":["https:\/\/www.testing.devjibble.net\/sk\/otazky-o-sledovani-casu"]}]},{"@type":"WebSite","@id":"https:\/\/www.testing.devjibble.net\/sk#website","url":"https:\/\/www.testing.devjibble.net\/sk","name":"Jibble","description":"Meet the new standard in time tracking software","publisher":{"@id":"https:\/\/www.testing.devjibble.net\/sk#organization"},"potentialAction":[{"@type":"SearchAction","target":{"@type":"EntryPoint","urlTemplate":"https:\/\/www.testing.devjibble.net\/sk?s={search_term_string}"},"query-input":{"@type":"PropertyValueSpecification","valueRequired":true,"valueName":"search_term_string"}}],"inLanguage":"sk-SK"},{"@type":"Organization","@id":"https:\/\/www.testing.devjibble.net\/sk#organization","name":"Jibble","url":"https:\/\/www.testing.devjibble.net\/sk","logo":{"@type":"ImageObject","inLanguage":"sk-SK","@id":"https:\/\/www.testing.devjibble.net\/sk#\/schema\/logo\/image\/","url":"https:\/\/www.testing.devjibble.net\/wp-content\/uploads\/2022\/05\/Original-copy-923x1024.png","contentUrl":"https:\/\/www.testing.devjibble.net\/wp-content\/uploads\/2022\/05\/Original-copy-923x1024.png","width":"923","height":"1024","caption":"Jibble"},"image":{"@id":"https:\/\/www.testing.devjibble.net\/sk#\/schema\/logo\/image\/"},"sameAs":["https:\/\/www.linkedin.com\/company\/jibble\/"]}]}},"_links":{"self":[{"href":"https:\/\/www.testing.devjibble.net\/sk\/wp-json\/wp\/v2\/pages\/344475","targetHints":{"allow":["GET"]}}],"collection":[{"href":"https:\/\/www.testing.devjibble.net\/sk\/wp-json\/wp\/v2\/pages"}],"about":[{"href":"https:\/\/www.testing.devjibble.net\/sk\/wp-json\/wp\/v2\/types\/page"}],"author":[{"embeddable":true,"href":"https:\/\/www.testing.devjibble.net\/sk\/wp-json\/wp\/v2\/users\/6"}],"replies":[{"embeddable":true,"href":"https:\/\/www.testing.devjibble.net\/sk\/wp-json\/wp\/v2\/comments?post=344475"}],"version-history":[{"count":3,"href":"https:\/\/www.testing.devjibble.net\/sk\/wp-json\/wp\/v2\/pages\/344475\/revisions"}],"predecessor-version":[{"id":347222,"href":"https:\/\/www.testing.devjibble.net\/sk\/wp-json\/wp\/v2\/pages\/344475\/revisions\/347222"}],"wp:attachment":[{"href":"https:\/\/www.testing.devjibble.net\/sk\/wp-json\/wp\/v2\/media?parent=344475"}],"curies":[{"name":"wp","href":"https:\/\/api.w.org\/{rel}","templated":true}]}}