{"id":92850,"date":"2023-04-12T07:37:43","date_gmt":"2023-04-12T06:37:43","guid":{"rendered":"https:\/\/www.testing.devjibble.net\/calculadora-de-cartao-de-ponto"},"modified":"2025-08-18T22:29:51","modified_gmt":"2025-08-18T21:29:51","slug":"calculadora-de-cartao-de-ponto","status":"publish","type":"page","link":"https:\/\/www.testing.devjibble.net\/pt-br\/calculadora-de-cartao-de-ponto","title":{"rendered":"Calculadora de Cart\u00e3o de Ponto"},"content":{"rendered":"<p>Sim<\/p>\n<p>Sim<\/p>\n<p>Objeto WP_Post<\/p>\n<p>4303<br \/>\n6<br \/>\n2022-05-07 01:03:37<br \/>\n2022-05-07 05:03:37<\/p>\n<p>Giavani C &#8211; Excedeu minhas expectativas &#8211; Time Tracking Software<\/p>\n<p>giavani-c-exceeded-my-expectations-time-tracking-software<\/p>\n<p>2022-05-07 01:03:37<br \/>\n2022-05-07 05:03:37<\/p>\n<p>0<br \/>\n=reviews_de_usu\u00e1rios&amp;p=4303<br \/>\n0<br \/>\ncoment\u00e1rios_do_usu\u00e1rio<\/p>\n<p>0<\/p>\n<p>Objeto WP_Post<\/p>\n<p>1543<br \/>\n6<br \/>\n2021-05-12 11:53:35<br \/>\n2021-05-12 03:53:35<\/p>\n<p>Josie Millar &#8211; O suporte ao cliente \u00e9 excelente<\/p>\n<p>josie-millar-customer-support-is-outstanding (suporte ao cliente \u00e9 excepcional)<\/p>\n<p>2021-08-08 17:00:35<br \/>\n2021-08-08 09:00:35<\/p>\n<p>0<br \/>\n=reviews_de_usu\u00e1rios&amp;p=1543<br \/>\n0<br \/>\ncoment\u00e1rios_do_usu\u00e1rio<\/p>\n<p>0<\/p>\n<p>Objeto WP_Post<\/p>\n<p>2271<br \/>\n6<br \/>\n2021-08-08 17:03:12<br \/>\n2021-08-08 09:03:12<\/p>\n<p>Sandra Hamnett &#8211; 10\/10<\/p>\n<p>sandra-hamnett-10-10<\/p>\n<p>2022-11-25 02:44:53<br \/>\n2022-11-25 07:44:53<\/p>\n<p>0<br \/>\n=user_reviews&amp;p=2271<br \/>\n0<br \/>\ncoment\u00e1rios_do_usu\u00e1rio<\/p>\n<p>0<\/p>\n<p>Objeto WP_Post<\/p>\n<p>2265<br \/>\n6<br \/>\n2021-08-08 16:53:13<br \/>\n2021-08-08 08:53:13<\/p>\n<p>Paul Andersen &#8211; Salvando vidas<\/p>\n<p>2265<\/p>\n<p>2021-08-08 16:53:36<br \/>\n2021-08-08 08:53:36<\/p>\n<p>0<br \/>\n=reviews_de_usu\u00e1rios&amp;p=2265<br \/>\n0<br \/>\ncoment\u00e1rios_do_usu\u00e1rio<\/p>\n<p>0<\/p>\n<p>Objeto WP_Post<\/p>\n<p>1539<br \/>\n6<br \/>\n2021-05-12 11:52:24<br \/>\n2021-05-12 03:52:24<\/p>\n<p>Ma. Louren Camballa &#8211; Jibble Rocks!<\/p>\n<p>ma-louren-camballa-jibble-rocks<\/p>\n<p>2021-05-12 11:52:24<br \/>\n2021-05-12 03:52:24<\/p>\n<p>0<br \/>\n=reviews_de_usu\u00e1rios&amp;p=1539<br \/>\n0<br \/>\ncoment\u00e1rios_do_usu\u00e1rio<\/p>\n<p>0<\/p>\n<p>Objeto WP_Post<\/p>\n<p>5965<br \/>\n6<br \/>\n2022-06-06 03:27:05<br \/>\n2022-06-06 07:27:05<\/p>\n<p>Brenda N &#8211; A folha de pagamento agora leva minutos &#8211; Payroll Hours Tracker<\/p>\n<p>brenda-n-payroll-now-takes-minutes-payroll-hours-tracker<\/p>\n<p>2022-06-06 03:27:05<br \/>\n2022-06-06 07:27:05<\/p>\n<p>0<br \/>\n=user_reviews&amp;p=5965<br \/>\n0<br \/>\ncoment\u00e1rios_do_usu\u00e1rio<\/p>\n<p>0<\/p>\n<p>Objeto WP_Post<\/p>\n<p>1556<br \/>\n6<br \/>\n2021-05-12 11:57:21<br \/>\n2021-05-12 03:57:21<\/p>\n<p>Garry Hicks &#8211; Gosto de sua facilidade de uso<\/p>\n<p>garry-hicks-like-its-ease-of-use<\/p>\n<p>2021-05-12 11:57:21<br \/>\n2021-05-12 03:57:21<\/p>\n<p>0<br \/>\n=reviews_de_usu\u00e1rios&amp;p=1556<br \/>\n0<br \/>\ncoment\u00e1rios_do_usu\u00e1rio<\/p>\n<p>0<\/p>\n<p>Objeto WP_Post<\/p>\n<p>1554<br \/>\n6<br \/>\n2021-05-12 11:56:42<br \/>\n2021-05-12 03:56:42<\/p>\n<p>Matthew Ainge &#8211; N\u00e3o poderia ser mais f\u00e1cil<\/p>\n<p>matthew-ainge-n\u00e3o-poderia-ser-mais-f\u00e1cil<\/p>\n<p>2021-05-12 11:56:42<br \/>\n2021-05-12 03:56:42<\/p>\n<p>0<br \/>\n=reviews_de_usu\u00e1rios&amp;p=1554<br \/>\n0<br \/>\ncoment\u00e1rios_do_usu\u00e1rio<\/p>\n<p>0<\/p>\n","protected":false},"excerpt":{"rendered":"<p>Sim Sim Objeto WP_Post 4303 6 2022-05-07 01:03:37 2022-05-07 05:03:37 Giavani C &#8211; Excedeu minhas expectativas &#8211; Time Tracking Software giavani-c-exceeded-my-expectations-time-tracking-software 2022-05-07 01:03:37 2022-05-07 05:03:37 0 =reviews_de_usu\u00e1rios&amp;p=4303 0 coment\u00e1rios_do_usu\u00e1rio 0 Objeto WP_Post 1543 6 2021-05-12 11:53:35 2021-05-12 03:53:35 Josie Millar &#8211; O suporte ao cliente \u00e9 excelente josie-millar-customer-support-is-outstanding (suporte ao cliente \u00e9 excepcional) 2021-08-08 17:00:35 [&hellip;]<\/p>\n","protected":false},"author":56,"featured_media":0,"parent":0,"menu_order":0,"comment_status":"closed","ping_status":"closed","template":"template-time-card-calculator.php","meta":{"_acf_changed":false,"footnotes":""},"class_list":["post-92850","page","type-page","status-publish","hentry"],"acf":[],"yoast_head":"<!-- This site is optimized with the Yoast SEO Premium plugin v26.8 (Yoast SEO v26.8) - https:\/\/yoast.com\/product\/yoast-seo-premium-wordpress\/ -->\n<title>Calculadora de Cart\u00e3o de Ponto 100% GR\u00c1TIS | 2024<\/title>\n<meta name=\"description\" content=\"Calculadora de cart\u00e3o de ponto f\u00e1cil de usar para calcular as horas trabalhadas, incluindo intervalos e horas extras.\" \/>\n<meta name=\"robots\" content=\"index, follow, max-snippet:-1, max-image-preview:large, max-video-preview:-1\" \/>\n<link rel=\"canonical\" href=\"https:\/\/www.testing.devjibble.net\/pt-br\/calculadora-de-cartao-de-ponto\" \/>\n<meta property=\"og:locale\" content=\"pt_BR\" \/>\n<meta property=\"og:type\" content=\"article\" \/>\n<meta property=\"og:title\" content=\"Calculadora de Cart\u00e3o de Ponto 100% GR\u00c1TIS | 2024\" \/>\n<meta property=\"og:description\" content=\"Calculadora de cart\u00e3o de ponto f\u00e1cil de usar para calcular as horas trabalhadas, incluindo intervalos e horas extras.\" \/>\n<meta property=\"og:url\" content=\"https:\/\/www.testing.devjibble.net\/pt-br\/calculadora-de-cartao-de-ponto\" \/>\n<meta property=\"og:site_name\" content=\"Jibble\" \/>\n<meta property=\"article:modified_time\" content=\"2025-08-18T21:29:51+00:00\" \/>\n<meta name=\"twitter:card\" content=\"summary_large_image\" \/>\n<meta name=\"twitter:label1\" content=\"Est. tempo de leitura\" \/>\n\t<meta name=\"twitter:data1\" content=\"9 minutes\" \/>\n<script type=\"application\/ld+json\" class=\"yoast-schema-graph\">{\"@context\":\"https:\/\/schema.org\",\"@graph\":[{\"@type\":\"WebPage\",\"@id\":\"https:\/\/www.testing.devjibble.net\/pt-br\/calculadora-de-cartao-de-ponto\",\"url\":\"https:\/\/www.testing.devjibble.net\/pt-br\/calculadora-de-cartao-de-ponto\",\"name\":\"Calculadora de Cart\u00e3o de Ponto 100% GR\u00c1TIS | 2024\",\"isPartOf\":{\"@id\":\"https:\/\/www.testing.devjibble.net\/pt-br#website\"},\"datePublished\":\"2023-04-12T06:37:43+00:00\",\"dateModified\":\"2025-08-18T21:29:51+00:00\",\"description\":\"Calculadora de cart\u00e3o de ponto f\u00e1cil de usar para calcular as horas trabalhadas, incluindo intervalos e horas extras.\",\"inLanguage\":\"pt-BR\",\"potentialAction\":[{\"@type\":\"ReadAction\",\"target\":[\"https:\/\/www.testing.devjibble.net\/pt-br\/calculadora-de-cartao-de-ponto\"]}]},{\"@type\":\"WebSite\",\"@id\":\"https:\/\/www.testing.devjibble.net\/pt-br#website\",\"url\":\"https:\/\/www.testing.devjibble.net\/pt-br\",\"name\":\"Jibble\",\"description\":\"Meet the new standard in time tracking software\",\"publisher\":{\"@id\":\"https:\/\/www.testing.devjibble.net\/pt-br#organization\"},\"potentialAction\":[{\"@type\":\"SearchAction\",\"target\":{\"@type\":\"EntryPoint\",\"urlTemplate\":\"https:\/\/www.testing.devjibble.net\/pt-br?s={search_term_string}\"},\"query-input\":{\"@type\":\"PropertyValueSpecification\",\"valueRequired\":true,\"valueName\":\"search_term_string\"}}],\"inLanguage\":\"pt-BR\"},{\"@type\":\"Organization\",\"@id\":\"https:\/\/www.testing.devjibble.net\/pt-br#organization\",\"name\":\"Jibble\",\"url\":\"https:\/\/www.testing.devjibble.net\/pt-br\",\"logo\":{\"@type\":\"ImageObject\",\"inLanguage\":\"pt-BR\",\"@id\":\"https:\/\/www.testing.devjibble.net\/pt-br#\/schema\/logo\/image\/\",\"url\":\"https:\/\/www.testing.devjibble.net\/wp-content\/uploads\/2022\/05\/Original-copy-923x1024.png\",\"contentUrl\":\"https:\/\/www.testing.devjibble.net\/wp-content\/uploads\/2022\/05\/Original-copy-923x1024.png\",\"width\":\"923\",\"height\":\"1024\",\"caption\":\"Jibble\"},\"image\":{\"@id\":\"https:\/\/www.testing.devjibble.net\/pt-br#\/schema\/logo\/image\/\"},\"sameAs\":[\"https:\/\/www.linkedin.com\/company\/jibble\/\"]}]}<\/script>\n<!-- \/ Yoast SEO Premium plugin. -->","yoast_head_json":{"title":"Calculadora de Cart\u00e3o de Ponto 100% GR\u00c1TIS | 2024","description":"Calculadora de cart\u00e3o de ponto f\u00e1cil de usar para calcular as horas trabalhadas, incluindo intervalos e horas extras.","robots":{"index":"index","follow":"follow","max-snippet":"max-snippet:-1","max-image-preview":"max-image-preview:large","max-video-preview":"max-video-preview:-1"},"canonical":"https:\/\/www.testing.devjibble.net\/pt-br\/calculadora-de-cartao-de-ponto","og_locale":"pt_BR","og_type":"article","og_title":"Calculadora de Cart\u00e3o de Ponto 100% GR\u00c1TIS | 2024","og_description":"Calculadora de cart\u00e3o de ponto f\u00e1cil de usar para calcular as horas trabalhadas, incluindo intervalos e horas extras.","og_url":"https:\/\/www.testing.devjibble.net\/pt-br\/calculadora-de-cartao-de-ponto","og_site_name":"Jibble","article_modified_time":"2025-08-18T21:29:51+00:00","twitter_card":"summary_large_image","twitter_misc":{"Est. tempo de leitura":"9 minutes"},"schema":{"@context":"https:\/\/schema.org","@graph":[{"@type":"WebPage","@id":"https:\/\/www.testing.devjibble.net\/pt-br\/calculadora-de-cartao-de-ponto","url":"https:\/\/www.testing.devjibble.net\/pt-br\/calculadora-de-cartao-de-ponto","name":"Calculadora de Cart\u00e3o de Ponto 100% GR\u00c1TIS | 2024","isPartOf":{"@id":"https:\/\/www.testing.devjibble.net\/pt-br#website"},"datePublished":"2023-04-12T06:37:43+00:00","dateModified":"2025-08-18T21:29:51+00:00","description":"Calculadora de cart\u00e3o de ponto f\u00e1cil de usar para calcular as horas trabalhadas, incluindo intervalos e horas extras.","inLanguage":"pt-BR","potentialAction":[{"@type":"ReadAction","target":["https:\/\/www.testing.devjibble.net\/pt-br\/calculadora-de-cartao-de-ponto"]}]},{"@type":"WebSite","@id":"https:\/\/www.testing.devjibble.net\/pt-br#website","url":"https:\/\/www.testing.devjibble.net\/pt-br","name":"Jibble","description":"Meet the new standard in time tracking software","publisher":{"@id":"https:\/\/www.testing.devjibble.net\/pt-br#organization"},"potentialAction":[{"@type":"SearchAction","target":{"@type":"EntryPoint","urlTemplate":"https:\/\/www.testing.devjibble.net\/pt-br?s={search_term_string}"},"query-input":{"@type":"PropertyValueSpecification","valueRequired":true,"valueName":"search_term_string"}}],"inLanguage":"pt-BR"},{"@type":"Organization","@id":"https:\/\/www.testing.devjibble.net\/pt-br#organization","name":"Jibble","url":"https:\/\/www.testing.devjibble.net\/pt-br","logo":{"@type":"ImageObject","inLanguage":"pt-BR","@id":"https:\/\/www.testing.devjibble.net\/pt-br#\/schema\/logo\/image\/","url":"https:\/\/www.testing.devjibble.net\/wp-content\/uploads\/2022\/05\/Original-copy-923x1024.png","contentUrl":"https:\/\/www.testing.devjibble.net\/wp-content\/uploads\/2022\/05\/Original-copy-923x1024.png","width":"923","height":"1024","caption":"Jibble"},"image":{"@id":"https:\/\/www.testing.devjibble.net\/pt-br#\/schema\/logo\/image\/"},"sameAs":["https:\/\/www.linkedin.com\/company\/jibble\/"]}]}},"_links":{"self":[{"href":"https:\/\/www.testing.devjibble.net\/pt-br\/wp-json\/wp\/v2\/pages\/92850","targetHints":{"allow":["GET"]}}],"collection":[{"href":"https:\/\/www.testing.devjibble.net\/pt-br\/wp-json\/wp\/v2\/pages"}],"about":[{"href":"https:\/\/www.testing.devjibble.net\/pt-br\/wp-json\/wp\/v2\/types\/page"}],"author":[{"embeddable":true,"href":"https:\/\/www.testing.devjibble.net\/pt-br\/wp-json\/wp\/v2\/users\/56"}],"replies":[{"embeddable":true,"href":"https:\/\/www.testing.devjibble.net\/pt-br\/wp-json\/wp\/v2\/comments?post=92850"}],"version-history":[{"count":3,"href":"https:\/\/www.testing.devjibble.net\/pt-br\/wp-json\/wp\/v2\/pages\/92850\/revisions"}],"predecessor-version":[{"id":312256,"href":"https:\/\/www.testing.devjibble.net\/pt-br\/wp-json\/wp\/v2\/pages\/92850\/revisions\/312256"}],"wp:attachment":[{"href":"https:\/\/www.testing.devjibble.net\/pt-br\/wp-json\/wp\/v2\/media?parent=92850"}],"curies":[{"name":"wp","href":"https:\/\/api.w.org\/{rel}","templated":true}]}}