{"id":215214,"date":"2023-07-13T04:47:59","date_gmt":"2023-07-13T03:47:59","guid":{"rendered":"https:\/\/www.testing.devjibble.net\/offline-attendance-app"},"modified":"2025-08-09T09:38:10","modified_gmt":"2025-08-09T08:38:10","slug":"aplikacja-do-sprawdzania-obecnosci-offline","status":"publish","type":"page","link":"https:\/\/www.testing.devjibble.net\/pl\/aplikacja-do-sprawdzania-obecnosci-offline","title":{"rendered":"Aplikacja do sprawdzania obecno\u015bci offline"},"content":{"rendered":"","protected":false},"excerpt":{"rendered":"","protected":false},"author":56,"featured_media":0,"parent":0,"menu_order":0,"comment_status":"closed","ping_status":"closed","template":"template-feature-new-youtube.php","meta":{"_acf_changed":false,"footnotes":""},"class_list":["post-215214","page","type-page","status-publish","hentry"],"acf":[],"yoast_head":"<!-- This site is optimized with the Yoast SEO Premium plugin v26.8 (Yoast SEO v26.8) - https:\/\/yoast.com\/product\/yoast-seo-premium-wordpress\/ -->\n<title>Aplikacja do sprawdzania obecno\u015bci offline w 100% ZA DARMO<\/title>\n<meta name=\"description\" content=\"Monitoruj obecno\u015b\u0107 nawet bez po\u0142\u0105czenia z internetem. Po\u017cegnaj si\u0119 z problemami z \u0142\u0105czno\u015bci\u0105 i korzystaj z p\u0142ynnego zarz\u0105dzania frekwencj\u0105.\" \/>\n<meta name=\"robots\" content=\"index, follow, max-snippet:-1, max-image-preview:large, max-video-preview:-1\" \/>\n<link rel=\"canonical\" href=\"https:\/\/www.testing.devjibble.net\/pl\/aplikacja-do-sprawdzania-obecnosci-offline\" \/>\n<meta property=\"og:locale\" content=\"pl_PL\" \/>\n<meta property=\"og:type\" content=\"article\" \/>\n<meta property=\"og:title\" content=\"Aplikacja do sprawdzania obecno\u015bci offline w 100% ZA DARMO\" \/>\n<meta property=\"og:description\" content=\"Monitoruj obecno\u015b\u0107 nawet bez po\u0142\u0105czenia z internetem. Po\u017cegnaj si\u0119 z problemami z \u0142\u0105czno\u015bci\u0105 i korzystaj z p\u0142ynnego zarz\u0105dzania frekwencj\u0105.\" \/>\n<meta property=\"og:url\" content=\"https:\/\/www.testing.devjibble.net\/pl\/aplikacja-do-sprawdzania-obecnosci-offline\" \/>\n<meta property=\"og:site_name\" content=\"Jibble\" \/>\n<meta property=\"article:modified_time\" content=\"2025-08-09T08:38:10+00:00\" \/>\n<meta name=\"twitter:card\" content=\"summary_large_image\" \/>\n<meta name=\"twitter:label1\" content=\"Szacowany czas czytania\" \/>\n\t<meta name=\"twitter:data1\" content=\"9 minuta\" \/>\n<script type=\"application\/ld+json\" class=\"yoast-schema-graph\">{\"@context\":\"https:\/\/schema.org\",\"@graph\":[{\"@type\":\"WebPage\",\"@id\":\"https:\/\/www.testing.devjibble.net\/pl\/aplikacja-do-sprawdzania-obecnosci-offline\",\"url\":\"https:\/\/www.testing.devjibble.net\/pl\/aplikacja-do-sprawdzania-obecnosci-offline\",\"name\":\"Aplikacja do sprawdzania obecno\u015bci offline w 100% ZA DARMO\",\"isPartOf\":{\"@id\":\"https:\/\/www.testing.devjibble.net\/pl#website\"},\"datePublished\":\"2023-07-13T03:47:59+00:00\",\"dateModified\":\"2025-08-09T08:38:10+00:00\",\"description\":\"Monitoruj obecno\u015b\u0107 nawet bez po\u0142\u0105czenia z internetem. Po\u017cegnaj si\u0119 z problemami z \u0142\u0105czno\u015bci\u0105 i korzystaj z p\u0142ynnego zarz\u0105dzania frekwencj\u0105.\",\"inLanguage\":\"pl-PL\",\"potentialAction\":[{\"@type\":\"ReadAction\",\"target\":[\"https:\/\/www.testing.devjibble.net\/pl\/aplikacja-do-sprawdzania-obecnosci-offline\"]}]},{\"@type\":\"WebSite\",\"@id\":\"https:\/\/www.testing.devjibble.net\/pl#website\",\"url\":\"https:\/\/www.testing.devjibble.net\/pl\",\"name\":\"Jibble\",\"description\":\"Meet the new standard in time tracking software\",\"publisher\":{\"@id\":\"https:\/\/www.testing.devjibble.net\/pl#organization\"},\"potentialAction\":[{\"@type\":\"SearchAction\",\"target\":{\"@type\":\"EntryPoint\",\"urlTemplate\":\"https:\/\/www.testing.devjibble.net\/pl?s={search_term_string}\"},\"query-input\":{\"@type\":\"PropertyValueSpecification\",\"valueRequired\":true,\"valueName\":\"search_term_string\"}}],\"inLanguage\":\"pl-PL\"},{\"@type\":\"Organization\",\"@id\":\"https:\/\/www.testing.devjibble.net\/pl#organization\",\"name\":\"Jibble\",\"url\":\"https:\/\/www.testing.devjibble.net\/pl\",\"logo\":{\"@type\":\"ImageObject\",\"inLanguage\":\"pl-PL\",\"@id\":\"https:\/\/www.testing.devjibble.net\/pl#\/schema\/logo\/image\/\",\"url\":\"https:\/\/www.testing.devjibble.net\/wp-content\/uploads\/2022\/05\/Original-copy-923x1024.png\",\"contentUrl\":\"https:\/\/www.testing.devjibble.net\/wp-content\/uploads\/2022\/05\/Original-copy-923x1024.png\",\"width\":\"923\",\"height\":\"1024\",\"caption\":\"Jibble\"},\"image\":{\"@id\":\"https:\/\/www.testing.devjibble.net\/pl#\/schema\/logo\/image\/\"},\"sameAs\":[\"https:\/\/www.linkedin.com\/company\/jibble\/\"]}]}<\/script>\n<!-- \/ Yoast SEO Premium plugin. -->","yoast_head_json":{"title":"Aplikacja do sprawdzania obecno\u015bci offline w 100% ZA DARMO","description":"Monitoruj obecno\u015b\u0107 nawet bez po\u0142\u0105czenia z internetem. Po\u017cegnaj si\u0119 z problemami z \u0142\u0105czno\u015bci\u0105 i korzystaj z p\u0142ynnego zarz\u0105dzania frekwencj\u0105.","robots":{"index":"index","follow":"follow","max-snippet":"max-snippet:-1","max-image-preview":"max-image-preview:large","max-video-preview":"max-video-preview:-1"},"canonical":"https:\/\/www.testing.devjibble.net\/pl\/aplikacja-do-sprawdzania-obecnosci-offline","og_locale":"pl_PL","og_type":"article","og_title":"Aplikacja do sprawdzania obecno\u015bci offline w 100% ZA DARMO","og_description":"Monitoruj obecno\u015b\u0107 nawet bez po\u0142\u0105czenia z internetem. Po\u017cegnaj si\u0119 z problemami z \u0142\u0105czno\u015bci\u0105 i korzystaj z p\u0142ynnego zarz\u0105dzania frekwencj\u0105.","og_url":"https:\/\/www.testing.devjibble.net\/pl\/aplikacja-do-sprawdzania-obecnosci-offline","og_site_name":"Jibble","article_modified_time":"2025-08-09T08:38:10+00:00","twitter_card":"summary_large_image","twitter_misc":{"Szacowany czas czytania":"9 minuta"},"schema":{"@context":"https:\/\/schema.org","@graph":[{"@type":"WebPage","@id":"https:\/\/www.testing.devjibble.net\/pl\/aplikacja-do-sprawdzania-obecnosci-offline","url":"https:\/\/www.testing.devjibble.net\/pl\/aplikacja-do-sprawdzania-obecnosci-offline","name":"Aplikacja do sprawdzania obecno\u015bci offline w 100% ZA DARMO","isPartOf":{"@id":"https:\/\/www.testing.devjibble.net\/pl#website"},"datePublished":"2023-07-13T03:47:59+00:00","dateModified":"2025-08-09T08:38:10+00:00","description":"Monitoruj obecno\u015b\u0107 nawet bez po\u0142\u0105czenia z internetem. Po\u017cegnaj si\u0119 z problemami z \u0142\u0105czno\u015bci\u0105 i korzystaj z p\u0142ynnego zarz\u0105dzania frekwencj\u0105.","inLanguage":"pl-PL","potentialAction":[{"@type":"ReadAction","target":["https:\/\/www.testing.devjibble.net\/pl\/aplikacja-do-sprawdzania-obecnosci-offline"]}]},{"@type":"WebSite","@id":"https:\/\/www.testing.devjibble.net\/pl#website","url":"https:\/\/www.testing.devjibble.net\/pl","name":"Jibble","description":"Meet the new standard in time tracking software","publisher":{"@id":"https:\/\/www.testing.devjibble.net\/pl#organization"},"potentialAction":[{"@type":"SearchAction","target":{"@type":"EntryPoint","urlTemplate":"https:\/\/www.testing.devjibble.net\/pl?s={search_term_string}"},"query-input":{"@type":"PropertyValueSpecification","valueRequired":true,"valueName":"search_term_string"}}],"inLanguage":"pl-PL"},{"@type":"Organization","@id":"https:\/\/www.testing.devjibble.net\/pl#organization","name":"Jibble","url":"https:\/\/www.testing.devjibble.net\/pl","logo":{"@type":"ImageObject","inLanguage":"pl-PL","@id":"https:\/\/www.testing.devjibble.net\/pl#\/schema\/logo\/image\/","url":"https:\/\/www.testing.devjibble.net\/wp-content\/uploads\/2022\/05\/Original-copy-923x1024.png","contentUrl":"https:\/\/www.testing.devjibble.net\/wp-content\/uploads\/2022\/05\/Original-copy-923x1024.png","width":"923","height":"1024","caption":"Jibble"},"image":{"@id":"https:\/\/www.testing.devjibble.net\/pl#\/schema\/logo\/image\/"},"sameAs":["https:\/\/www.linkedin.com\/company\/jibble\/"]}]}},"_links":{"self":[{"href":"https:\/\/www.testing.devjibble.net\/pl\/wp-json\/wp\/v2\/pages\/215214","targetHints":{"allow":["GET"]}}],"collection":[{"href":"https:\/\/www.testing.devjibble.net\/pl\/wp-json\/wp\/v2\/pages"}],"about":[{"href":"https:\/\/www.testing.devjibble.net\/pl\/wp-json\/wp\/v2\/types\/page"}],"author":[{"embeddable":true,"href":"https:\/\/www.testing.devjibble.net\/pl\/wp-json\/wp\/v2\/users\/56"}],"replies":[{"embeddable":true,"href":"https:\/\/www.testing.devjibble.net\/pl\/wp-json\/wp\/v2\/comments?post=215214"}],"version-history":[{"count":3,"href":"https:\/\/www.testing.devjibble.net\/pl\/wp-json\/wp\/v2\/pages\/215214\/revisions"}],"predecessor-version":[{"id":307026,"href":"https:\/\/www.testing.devjibble.net\/pl\/wp-json\/wp\/v2\/pages\/215214\/revisions\/307026"}],"wp:attachment":[{"href":"https:\/\/www.testing.devjibble.net\/pl\/wp-json\/wp\/v2\/media?parent=215214"}],"curies":[{"name":"wp","href":"https:\/\/api.w.org\/{rel}","templated":true}]}}