{"id":230719,"date":"2024-09-26T06:20:42","date_gmt":"2024-09-26T05:20:42","guid":{"rendered":"https:\/\/www.testing.devjibble.net\/employee-monitoring-software"},"modified":"2026-02-06T15:02:00","modified_gmt":"2026-02-06T15:02:00","slug":"software-monitorizacion-empleados","status":"publish","type":"page","link":"https:\/\/www.testing.devjibble.net\/es\/software-monitorizacion-empleados","title":{"rendered":"100% FREE Employee Monitoring Software"},"content":{"rendered":"<p>Profundiza f\u00e1cilmente en las horas de trabajo de los empleados, los patrones de asistencia y el progreso de los proyectos. Filtra los informes por fecha, miembro, actividad o cliente para obtener la informaci\u00f3n espec\u00edfica que necesitas. Convierte los datos recopilados en informaci\u00f3n pr\u00e1ctica que impulse tu negocio.S\u00f3lo tienes que invitar a los empleados a unirse a tu organizaci\u00f3n y en cuesti\u00f3n de minutos estar\u00e1n listos para utilizar Jibble. Todo el proceso es sencillo, con una gu\u00eda paso a paso para garantizar que todo el mundo empiece r\u00e1pidamente.Software de monitorizaci\u00f3n de empleados pensando en la privacidad. Registra las actividades y aumenta la productividad gratis.<\/p>\n<p>Con la tecnolog\u00eda GPS, puedes seguir la ubicaci\u00f3n de tu equipo en tiempo real, lo que es especialmente \u00fatil cuando los empleados trabajan en varios sitios. Activa la geovalla para asegurarte de que s\u00f3lo se fiche en los lugares autorizados, proporcionando una supervisi\u00f3n precisa y tranquilidad.<\/p>\n","protected":false},"excerpt":{"rendered":"<p>Profundiza f\u00e1cilmente en las horas de trabajo de los empleados, los patrones de asistencia y el progreso de los proyectos. Filtra los informes por fecha, miembro, actividad o cliente para obtener la informaci\u00f3n espec\u00edfica que necesitas. Convierte los datos recopilados en informaci\u00f3n pr\u00e1ctica que impulse tu negocio.S\u00f3lo tienes que invitar a los empleados a unirse [&hellip;]<\/p>\n","protected":false},"author":51,"featured_media":0,"parent":0,"menu_order":0,"comment_status":"closed","ping_status":"closed","template":"template-feature-new-youtube.php","meta":{"_acf_changed":false,"footnotes":""},"class_list":["post-230719","page","type-page","status-publish","hentry"],"acf":[],"yoast_head":"<!-- This site is optimized with the Yoast SEO Premium plugin v26.8 (Yoast SEO v26.8) - https:\/\/yoast.com\/product\/yoast-seo-premium-wordpress\/ -->\n<title>Software de monitorizaci\u00f3n de empleados 100% GRATUITO<\/title>\n<meta name=\"description\" content=\"Software de monitorizaci\u00f3n de empleados pensando en la privacidad. Registra las actividades y aumenta la productividad gratis.\" \/>\n<meta name=\"robots\" content=\"index, follow, max-snippet:-1, max-image-preview:large, max-video-preview:-1\" \/>\n<link rel=\"canonical\" href=\"https:\/\/www.testing.devjibble.net\/es\/software-monitorizacion-empleados\" \/>\n<meta property=\"og:locale\" content=\"es_ES\" \/>\n<meta property=\"og:type\" content=\"article\" \/>\n<meta property=\"og:title\" content=\"Software de monitorizaci\u00f3n de empleados 100% GRATUITO\" \/>\n<meta property=\"og:description\" content=\"Software de monitorizaci\u00f3n de empleados pensando en la privacidad. Registra las actividades y aumenta la productividad gratis.\" \/>\n<meta property=\"og:url\" content=\"https:\/\/www.testing.devjibble.net\/es\/software-monitorizacion-empleados\" \/>\n<meta property=\"og:site_name\" content=\"Jibble\" \/>\n<meta property=\"article:modified_time\" content=\"2026-02-06T15:02:00+00:00\" \/>\n<meta name=\"twitter:card\" content=\"summary_large_image\" \/>\n<meta name=\"twitter:label1\" content=\"Tiempo de lectura\" \/>\n\t<meta name=\"twitter:data1\" content=\"7 minutos\" \/>\n<script type=\"application\/ld+json\" class=\"yoast-schema-graph\">{\"@context\":\"https:\/\/schema.org\",\"@graph\":[{\"@type\":\"WebPage\",\"@id\":\"https:\/\/www.testing.devjibble.net\/es\/software-monitorizacion-empleados\",\"url\":\"https:\/\/www.testing.devjibble.net\/es\/software-monitorizacion-empleados\",\"name\":\"Software de monitorizaci\u00f3n de empleados 100% GRATUITO\",\"isPartOf\":{\"@id\":\"https:\/\/www.testing.devjibble.net\/es#website\"},\"datePublished\":\"2024-09-26T05:20:42+00:00\",\"dateModified\":\"2026-02-06T15:02:00+00:00\",\"description\":\"Software de monitorizaci\u00f3n de empleados pensando en la privacidad. Registra las actividades y aumenta la productividad gratis.\",\"inLanguage\":\"es\",\"potentialAction\":[{\"@type\":\"ReadAction\",\"target\":[\"https:\/\/www.testing.devjibble.net\/es\/software-monitorizacion-empleados\"]}]},{\"@type\":\"WebSite\",\"@id\":\"https:\/\/www.testing.devjibble.net\/es#website\",\"url\":\"https:\/\/www.testing.devjibble.net\/es\",\"name\":\"Jibble\",\"description\":\"Meet the new standard in time tracking software\",\"publisher\":{\"@id\":\"https:\/\/www.testing.devjibble.net\/es#organization\"},\"potentialAction\":[{\"@type\":\"SearchAction\",\"target\":{\"@type\":\"EntryPoint\",\"urlTemplate\":\"https:\/\/www.testing.devjibble.net\/es?s={search_term_string}\"},\"query-input\":{\"@type\":\"PropertyValueSpecification\",\"valueRequired\":true,\"valueName\":\"search_term_string\"}}],\"inLanguage\":\"es\"},{\"@type\":\"Organization\",\"@id\":\"https:\/\/www.testing.devjibble.net\/es#organization\",\"name\":\"Jibble\",\"url\":\"https:\/\/www.testing.devjibble.net\/es\",\"logo\":{\"@type\":\"ImageObject\",\"inLanguage\":\"es\",\"@id\":\"https:\/\/www.testing.devjibble.net\/es#\/schema\/logo\/image\/\",\"url\":\"https:\/\/www.testing.devjibble.net\/wp-content\/uploads\/2022\/05\/Original-copy-923x1024.png\",\"contentUrl\":\"https:\/\/www.testing.devjibble.net\/wp-content\/uploads\/2022\/05\/Original-copy-923x1024.png\",\"width\":\"923\",\"height\":\"1024\",\"caption\":\"Jibble\"},\"image\":{\"@id\":\"https:\/\/www.testing.devjibble.net\/es#\/schema\/logo\/image\/\"},\"sameAs\":[\"https:\/\/www.linkedin.com\/company\/jibble\/\"]}]}<\/script>\n<!-- \/ Yoast SEO Premium plugin. -->","yoast_head_json":{"title":"Software de monitorizaci\u00f3n de empleados 100% GRATUITO","description":"Software de monitorizaci\u00f3n de empleados pensando en la privacidad. Registra las actividades y aumenta la productividad gratis.","robots":{"index":"index","follow":"follow","max-snippet":"max-snippet:-1","max-image-preview":"max-image-preview:large","max-video-preview":"max-video-preview:-1"},"canonical":"https:\/\/www.testing.devjibble.net\/es\/software-monitorizacion-empleados","og_locale":"es_ES","og_type":"article","og_title":"Software de monitorizaci\u00f3n de empleados 100% GRATUITO","og_description":"Software de monitorizaci\u00f3n de empleados pensando en la privacidad. Registra las actividades y aumenta la productividad gratis.","og_url":"https:\/\/www.testing.devjibble.net\/es\/software-monitorizacion-empleados","og_site_name":"Jibble","article_modified_time":"2026-02-06T15:02:00+00:00","twitter_card":"summary_large_image","twitter_misc":{"Tiempo de lectura":"7 minutos"},"schema":{"@context":"https:\/\/schema.org","@graph":[{"@type":"WebPage","@id":"https:\/\/www.testing.devjibble.net\/es\/software-monitorizacion-empleados","url":"https:\/\/www.testing.devjibble.net\/es\/software-monitorizacion-empleados","name":"Software de monitorizaci\u00f3n de empleados 100% GRATUITO","isPartOf":{"@id":"https:\/\/www.testing.devjibble.net\/es#website"},"datePublished":"2024-09-26T05:20:42+00:00","dateModified":"2026-02-06T15:02:00+00:00","description":"Software de monitorizaci\u00f3n de empleados pensando en la privacidad. Registra las actividades y aumenta la productividad gratis.","inLanguage":"es","potentialAction":[{"@type":"ReadAction","target":["https:\/\/www.testing.devjibble.net\/es\/software-monitorizacion-empleados"]}]},{"@type":"WebSite","@id":"https:\/\/www.testing.devjibble.net\/es#website","url":"https:\/\/www.testing.devjibble.net\/es","name":"Jibble","description":"Meet the new standard in time tracking software","publisher":{"@id":"https:\/\/www.testing.devjibble.net\/es#organization"},"potentialAction":[{"@type":"SearchAction","target":{"@type":"EntryPoint","urlTemplate":"https:\/\/www.testing.devjibble.net\/es?s={search_term_string}"},"query-input":{"@type":"PropertyValueSpecification","valueRequired":true,"valueName":"search_term_string"}}],"inLanguage":"es"},{"@type":"Organization","@id":"https:\/\/www.testing.devjibble.net\/es#organization","name":"Jibble","url":"https:\/\/www.testing.devjibble.net\/es","logo":{"@type":"ImageObject","inLanguage":"es","@id":"https:\/\/www.testing.devjibble.net\/es#\/schema\/logo\/image\/","url":"https:\/\/www.testing.devjibble.net\/wp-content\/uploads\/2022\/05\/Original-copy-923x1024.png","contentUrl":"https:\/\/www.testing.devjibble.net\/wp-content\/uploads\/2022\/05\/Original-copy-923x1024.png","width":"923","height":"1024","caption":"Jibble"},"image":{"@id":"https:\/\/www.testing.devjibble.net\/es#\/schema\/logo\/image\/"},"sameAs":["https:\/\/www.linkedin.com\/company\/jibble\/"]}]}},"_links":{"self":[{"href":"https:\/\/www.testing.devjibble.net\/es\/wp-json\/wp\/v2\/pages\/230719","targetHints":{"allow":["GET"]}}],"collection":[{"href":"https:\/\/www.testing.devjibble.net\/es\/wp-json\/wp\/v2\/pages"}],"about":[{"href":"https:\/\/www.testing.devjibble.net\/es\/wp-json\/wp\/v2\/types\/page"}],"author":[{"embeddable":true,"href":"https:\/\/www.testing.devjibble.net\/es\/wp-json\/wp\/v2\/users\/51"}],"replies":[{"embeddable":true,"href":"https:\/\/www.testing.devjibble.net\/es\/wp-json\/wp\/v2\/comments?post=230719"}],"version-history":[{"count":3,"href":"https:\/\/www.testing.devjibble.net\/es\/wp-json\/wp\/v2\/pages\/230719\/revisions"}],"predecessor-version":[{"id":379961,"href":"https:\/\/www.testing.devjibble.net\/es\/wp-json\/wp\/v2\/pages\/230719\/revisions\/379961"}],"wp:attachment":[{"href":"https:\/\/www.testing.devjibble.net\/es\/wp-json\/wp\/v2\/media?parent=230719"}],"curies":[{"name":"wp","href":"https:\/\/api.w.org\/{rel}","templated":true}]}}