{"id":353758,"date":"2022-11-04T08:29:31","date_gmt":"2022-11-04T08:29:31","guid":{"rendered":"https:\/\/www.testing.devjibble.net\/?page_id=353758"},"modified":"2026-04-06T19:40:08","modified_gmt":"2026-04-06T18:40:08","slug":"sablona-dochazky","status":"publish","type":"page","link":"https:\/\/www.testing.devjibble.net\/cs\/sablona-dochazky","title":{"rendered":"\u0160ablona doch\u00e1zky"},"content":{"rendered":"","protected":false},"excerpt":{"rendered":"","protected":false},"author":34,"featured_media":0,"parent":0,"menu_order":0,"comment_status":"closed","ping_status":"closed","template":"template-list-downloads.php","meta":{"_acf_changed":false,"footnotes":""},"class_list":["post-353758","page","type-page","status-publish","hentry"],"acf":[],"yoast_head":"<!-- This site is optimized with the Yoast SEO Premium plugin v26.8 (Yoast SEO v26.8) - https:\/\/yoast.com\/product\/yoast-seo-premium-wordpress\/ -->\n<title>ZDARMA \u0161ablony doch\u00e1zky | Excel, Sheets, Docs, Word, PDF<\/title>\n<meta name=\"description\" content=\"St\u00e1hn\u011bte si zdarma \u0161ablony doch\u00e1zky v Excelu, Wordu nebo PDF. Snadno sledujte pracovn\u00ed hodiny, p\u0159es\u010dasy a doch\u00e1zku s p\u0159ipraven\u00fdmi form\u00e1ty.\" \/>\n<meta name=\"robots\" content=\"index, follow, max-snippet:-1, max-image-preview:large, max-video-preview:-1\" \/>\n<link rel=\"canonical\" href=\"https:\/\/www.testing.devjibble.net\/cs\/sablona-dochazky\" \/>\n<meta property=\"og:locale\" content=\"cs_CZ\" \/>\n<meta property=\"og:type\" content=\"article\" \/>\n<meta property=\"og:title\" content=\"ZDARMA \u0161ablony doch\u00e1zky | Excel, Sheets, Docs, Word, PDF\" \/>\n<meta property=\"og:description\" content=\"St\u00e1hn\u011bte si zdarma \u0161ablony doch\u00e1zky v Excelu, Wordu nebo PDF. Snadno sledujte pracovn\u00ed hodiny, p\u0159es\u010dasy a doch\u00e1zku s p\u0159ipraven\u00fdmi form\u00e1ty.\" \/>\n<meta property=\"og:url\" content=\"https:\/\/www.testing.devjibble.net\/cs\/sablona-dochazky\" \/>\n<meta property=\"og:site_name\" content=\"Jibble\" \/>\n<meta property=\"article:modified_time\" content=\"2026-04-06T18:40:08+00:00\" \/>\n<meta name=\"twitter:card\" content=\"summary_large_image\" \/>\n<meta name=\"twitter:label1\" content=\"Odhadovan\u00e1 doba \u010dten\u00ed\" \/>\n\t<meta name=\"twitter:data1\" content=\"6 minutes\" \/>\n<script type=\"application\/ld+json\" class=\"yoast-schema-graph\">{\"@context\":\"https:\/\/schema.org\",\"@graph\":[{\"@type\":\"WebPage\",\"@id\":\"https:\/\/www.testing.devjibble.net\/cs\/sablona-dochazky\",\"url\":\"https:\/\/www.testing.devjibble.net\/cs\/sablona-dochazky\",\"name\":\"ZDARMA \u0161ablony doch\u00e1zky | Excel, Sheets, Docs, Word, PDF\",\"isPartOf\":{\"@id\":\"https:\/\/www.testing.devjibble.net\/cs#website\"},\"datePublished\":\"2022-11-04T08:29:31+00:00\",\"dateModified\":\"2026-04-06T18:40:08+00:00\",\"description\":\"St\u00e1hn\u011bte si zdarma \u0161ablony doch\u00e1zky v Excelu, Wordu nebo PDF. Snadno sledujte pracovn\u00ed hodiny, p\u0159es\u010dasy a doch\u00e1zku s p\u0159ipraven\u00fdmi form\u00e1ty.\",\"inLanguage\":\"cs-CZ\",\"potentialAction\":[{\"@type\":\"ReadAction\",\"target\":[\"https:\/\/www.testing.devjibble.net\/cs\/sablona-dochazky\"]}]},{\"@type\":\"WebSite\",\"@id\":\"https:\/\/www.testing.devjibble.net\/cs#website\",\"url\":\"https:\/\/www.testing.devjibble.net\/cs\",\"name\":\"Jibble\",\"description\":\"Meet the new standard in time tracking software\",\"publisher\":{\"@id\":\"https:\/\/www.testing.devjibble.net\/cs#organization\"},\"potentialAction\":[{\"@type\":\"SearchAction\",\"target\":{\"@type\":\"EntryPoint\",\"urlTemplate\":\"https:\/\/www.testing.devjibble.net\/cs?s={search_term_string}\"},\"query-input\":{\"@type\":\"PropertyValueSpecification\",\"valueRequired\":true,\"valueName\":\"search_term_string\"}}],\"inLanguage\":\"cs-CZ\"},{\"@type\":\"Organization\",\"@id\":\"https:\/\/www.testing.devjibble.net\/cs#organization\",\"name\":\"Jibble\",\"url\":\"https:\/\/www.testing.devjibble.net\/cs\",\"logo\":{\"@type\":\"ImageObject\",\"inLanguage\":\"cs-CZ\",\"@id\":\"https:\/\/www.testing.devjibble.net\/cs#\/schema\/logo\/image\/\",\"url\":\"https:\/\/www.testing.devjibble.net\/wp-content\/uploads\/2022\/05\/Original-copy-923x1024.png\",\"contentUrl\":\"https:\/\/www.testing.devjibble.net\/wp-content\/uploads\/2022\/05\/Original-copy-923x1024.png\",\"width\":\"923\",\"height\":\"1024\",\"caption\":\"Jibble\"},\"image\":{\"@id\":\"https:\/\/www.testing.devjibble.net\/cs#\/schema\/logo\/image\/\"},\"sameAs\":[\"https:\/\/www.linkedin.com\/company\/jibble\/\"]}]}<\/script>\n<!-- \/ Yoast SEO Premium plugin. -->","yoast_head_json":{"title":"ZDARMA \u0161ablony doch\u00e1zky | Excel, Sheets, Docs, Word, PDF","description":"St\u00e1hn\u011bte si zdarma \u0161ablony doch\u00e1zky v Excelu, Wordu nebo PDF. Snadno sledujte pracovn\u00ed hodiny, p\u0159es\u010dasy a doch\u00e1zku s p\u0159ipraven\u00fdmi form\u00e1ty.","robots":{"index":"index","follow":"follow","max-snippet":"max-snippet:-1","max-image-preview":"max-image-preview:large","max-video-preview":"max-video-preview:-1"},"canonical":"https:\/\/www.testing.devjibble.net\/cs\/sablona-dochazky","og_locale":"cs_CZ","og_type":"article","og_title":"ZDARMA \u0161ablony doch\u00e1zky | Excel, Sheets, Docs, Word, PDF","og_description":"St\u00e1hn\u011bte si zdarma \u0161ablony doch\u00e1zky v Excelu, Wordu nebo PDF. Snadno sledujte pracovn\u00ed hodiny, p\u0159es\u010dasy a doch\u00e1zku s p\u0159ipraven\u00fdmi form\u00e1ty.","og_url":"https:\/\/www.testing.devjibble.net\/cs\/sablona-dochazky","og_site_name":"Jibble","article_modified_time":"2026-04-06T18:40:08+00:00","twitter_card":"summary_large_image","twitter_misc":{"Odhadovan\u00e1 doba \u010dten\u00ed":"6 minutes"},"schema":{"@context":"https:\/\/schema.org","@graph":[{"@type":"WebPage","@id":"https:\/\/www.testing.devjibble.net\/cs\/sablona-dochazky","url":"https:\/\/www.testing.devjibble.net\/cs\/sablona-dochazky","name":"ZDARMA \u0161ablony doch\u00e1zky | Excel, Sheets, Docs, Word, PDF","isPartOf":{"@id":"https:\/\/www.testing.devjibble.net\/cs#website"},"datePublished":"2022-11-04T08:29:31+00:00","dateModified":"2026-04-06T18:40:08+00:00","description":"St\u00e1hn\u011bte si zdarma \u0161ablony doch\u00e1zky v Excelu, Wordu nebo PDF. Snadno sledujte pracovn\u00ed hodiny, p\u0159es\u010dasy a doch\u00e1zku s p\u0159ipraven\u00fdmi form\u00e1ty.","inLanguage":"cs-CZ","potentialAction":[{"@type":"ReadAction","target":["https:\/\/www.testing.devjibble.net\/cs\/sablona-dochazky"]}]},{"@type":"WebSite","@id":"https:\/\/www.testing.devjibble.net\/cs#website","url":"https:\/\/www.testing.devjibble.net\/cs","name":"Jibble","description":"Meet the new standard in time tracking software","publisher":{"@id":"https:\/\/www.testing.devjibble.net\/cs#organization"},"potentialAction":[{"@type":"SearchAction","target":{"@type":"EntryPoint","urlTemplate":"https:\/\/www.testing.devjibble.net\/cs?s={search_term_string}"},"query-input":{"@type":"PropertyValueSpecification","valueRequired":true,"valueName":"search_term_string"}}],"inLanguage":"cs-CZ"},{"@type":"Organization","@id":"https:\/\/www.testing.devjibble.net\/cs#organization","name":"Jibble","url":"https:\/\/www.testing.devjibble.net\/cs","logo":{"@type":"ImageObject","inLanguage":"cs-CZ","@id":"https:\/\/www.testing.devjibble.net\/cs#\/schema\/logo\/image\/","url":"https:\/\/www.testing.devjibble.net\/wp-content\/uploads\/2022\/05\/Original-copy-923x1024.png","contentUrl":"https:\/\/www.testing.devjibble.net\/wp-content\/uploads\/2022\/05\/Original-copy-923x1024.png","width":"923","height":"1024","caption":"Jibble"},"image":{"@id":"https:\/\/www.testing.devjibble.net\/cs#\/schema\/logo\/image\/"},"sameAs":["https:\/\/www.linkedin.com\/company\/jibble\/"]}]}},"_links":{"self":[{"href":"https:\/\/www.testing.devjibble.net\/cs\/wp-json\/wp\/v2\/pages\/353758","targetHints":{"allow":["GET"]}}],"collection":[{"href":"https:\/\/www.testing.devjibble.net\/cs\/wp-json\/wp\/v2\/pages"}],"about":[{"href":"https:\/\/www.testing.devjibble.net\/cs\/wp-json\/wp\/v2\/types\/page"}],"author":[{"embeddable":true,"href":"https:\/\/www.testing.devjibble.net\/cs\/wp-json\/wp\/v2\/users\/34"}],"replies":[{"embeddable":true,"href":"https:\/\/www.testing.devjibble.net\/cs\/wp-json\/wp\/v2\/comments?post=353758"}],"version-history":[{"count":3,"href":"https:\/\/www.testing.devjibble.net\/cs\/wp-json\/wp\/v2\/pages\/353758\/revisions"}],"predecessor-version":[{"id":393940,"href":"https:\/\/www.testing.devjibble.net\/cs\/wp-json\/wp\/v2\/pages\/353758\/revisions\/393940"}],"wp:attachment":[{"href":"https:\/\/www.testing.devjibble.net\/cs\/wp-json\/wp\/v2\/media?parent=353758"}],"curies":[{"name":"wp","href":"https:\/\/api.w.org\/{rel}","templated":true}]}}